{"id":21705,"date":"2022-10-20T17:37:05","date_gmt":"2022-10-20T20:37:05","guid":{"rendered":"https:\/\/ihogar.com.ar\/nuevosubsitio\/?post_type=product&#038;p=21705"},"modified":"2026-04-27T12:25:23","modified_gmt":"2026-04-27T15:25:23","slug":"colchon-2p-esp-140x26-brisas-c-pillow","status":"publish","type":"product","link":"https:\/\/ihogar.com.ar\/litoral\/producto\/colchon-2p-esp-140x26-brisas-c-pillow\/","title":{"rendered":"Colch\u00f3n 2 Plazas Espuma 140&#215;26 Brisas con pillow"},"content":{"rendered":"<p>Placa entera de espuma de poliuretano flexible de alta densidad<br \/>\nConfeccionado con doble pillow, una capa de espuma de alta densidad y m\u00ednima dureza.<br \/>\nTela jackard de alta resistencia<br \/>\nFunda acolchada \u00edntegramente con matelass\u00e9 multicapas<br \/>\nEspesor 30 cm<br \/>\nDensidad de 30 kg. \/ m3<br \/>\nPeso sugerido: 90 kgs<br \/>\nGarant\u00eda 3 a\u00f1os<\/p>\n","protected":false},"excerpt":{"rendered":"<p>Placa entera de espuma de poliuretano flexible de alta densidad Confeccionado con doble pillow, una capa de espuma de alta densidad y m\u00ednima dureza. Tela jackard de alta resistencia Funda acolchada \u00edntegramente con matelass\u00e9 multicapas Espesor 30 cm Densidad de 30 kg. \/ m3 Peso sugerido: 90 kgs Garant\u00eda 3 a\u00f1os<\/p>\n","protected":false},"featured_media":23378,"comment_status":"open","ping_status":"closed","template":"","meta":[],"product_cat":[318,90,92],"product_tag":[],"class_list":["post-21705","product","type-product","status-publish","has-post-thumbnail","hentry","product_brand-maxiking","product_cat-colchones140","product_cat-colchones","product_cat-colchon-espuma"],"_links":{"self":[{"href":"https:\/\/ihogar.com.ar\/litoral\/wp-json\/wp\/v2\/product\/21705","targetHints":{"allow":["GET"]}}],"collection":[{"href":"https:\/\/ihogar.com.ar\/litoral\/wp-json\/wp\/v2\/product"}],"about":[{"href":"https:\/\/ihogar.com.ar\/litoral\/wp-json\/wp\/v2\/types\/product"}],"replies":[{"embeddable":true,"href":"https:\/\/ihogar.com.ar\/litoral\/wp-json\/wp\/v2\/comments?post=21705"}],"wp:featuredmedia":[{"embeddable":true,"href":"https:\/\/ihogar.com.ar\/litoral\/wp-json\/wp\/v2\/media\/23378"}],"wp:attachment":[{"href":"https:\/\/ihogar.com.ar\/litoral\/wp-json\/wp\/v2\/media?parent=21705"}],"wp:term":[{"taxonomy":"product_cat","embeddable":true,"href":"https:\/\/ihogar.com.ar\/litoral\/wp-json\/wp\/v2\/product_cat?post=21705"},{"taxonomy":"product_tag","embeddable":true,"href":"https:\/\/ihogar.com.ar\/litoral\/wp-json\/wp\/v2\/product_tag?post=21705"}],"curies":[{"name":"wp","href":"https:\/\/api.w.org\/{rel}","templated":true}]}}