{"id":21707,"date":"2022-10-20T17:37:05","date_gmt":"2022-10-20T20:37:05","guid":{"rendered":"https:\/\/ihogar.com.ar\/nuevosubsitio\/?post_type=product&#038;p=21707"},"modified":"2026-01-05T11:03:56","modified_gmt":"2026-01-05T14:03:56","slug":"colchon-2p-rsrt-140x25-espejo-luna","status":"publish","type":"product","link":"https:\/\/ihogar.com.ar\/litoral\/producto\/colchon-2p-rsrt-140x25-espejo-luna\/","title":{"rendered":"Colch\u00f3n 2p rsrt 140&#215;25 Espejo luna"},"content":{"rendered":"<p>Estructura de resortes bic\u00f3nicos de acero de alta resistencia.<br \/>\nDoble marco perimetral de acero y 6 estabilizadores que evitan la deformaci\u00f3n de la estructura.<br \/>\n4 aireadores laterales para facilitar la ventilaci\u00f3n de nuestro colch\u00f3n<br \/>\nTela jackard de alta resistencia con dise\u00f1o exclusivo<br \/>\nEspesor: 25 cm<br \/>\nPeso sugerido: 90 kgs<br \/>\nGarant\u00eda 3 a\u00f1os<\/p>\n","protected":false},"excerpt":{"rendered":"<p>Estructura de resortes bic\u00f3nicos de acero de alta resistencia. Doble marco perimetral de acero y 6 estabilizadores que evitan la deformaci\u00f3n de la estructura. 4 aireadores laterales para facilitar la ventilaci\u00f3n de nuestro colch\u00f3n Tela jackard de alta resistencia con dise\u00f1o exclusivo Espesor: 25 cm Peso sugerido: 90 kgs Garant\u00eda 3 a\u00f1os<\/p>\n","protected":false},"featured_media":22608,"comment_status":"open","ping_status":"closed","template":"","meta":[],"product_cat":[323,90,91],"product_tag":[],"class_list":["post-21707","product","type-product","status-publish","has-post-thumbnail","hentry","product_brand-maxiking","product_cat-colchones140r","product_cat-colchones","product_cat-colchon-resortes"],"_links":{"self":[{"href":"https:\/\/ihogar.com.ar\/litoral\/wp-json\/wp\/v2\/product\/21707","targetHints":{"allow":["GET"]}}],"collection":[{"href":"https:\/\/ihogar.com.ar\/litoral\/wp-json\/wp\/v2\/product"}],"about":[{"href":"https:\/\/ihogar.com.ar\/litoral\/wp-json\/wp\/v2\/types\/product"}],"replies":[{"embeddable":true,"href":"https:\/\/ihogar.com.ar\/litoral\/wp-json\/wp\/v2\/comments?post=21707"}],"wp:featuredmedia":[{"embeddable":true,"href":"https:\/\/ihogar.com.ar\/litoral\/wp-json\/wp\/v2\/media\/22608"}],"wp:attachment":[{"href":"https:\/\/ihogar.com.ar\/litoral\/wp-json\/wp\/v2\/media?parent=21707"}],"wp:term":[{"taxonomy":"product_cat","embeddable":true,"href":"https:\/\/ihogar.com.ar\/litoral\/wp-json\/wp\/v2\/product_cat?post=21707"},{"taxonomy":"product_tag","embeddable":true,"href":"https:\/\/ihogar.com.ar\/litoral\/wp-json\/wp\/v2\/product_tag?post=21707"}],"curies":[{"name":"wp","href":"https:\/\/api.w.org\/{rel}","templated":true}]}}