{"id":22336,"date":"2023-02-27T20:11:21","date_gmt":"2023-02-27T23:11:21","guid":{"rendered":"https:\/\/ihogar.com.ar\/nuevosubsitio\/?post_type=product&#038;p=22336"},"modified":"2026-01-19T11:45:18","modified_gmt":"2026-01-19T14:45:18","slug":"depiladora-brp505-recortador-cavado-philips","status":"publish","type":"product","link":"https:\/\/ihogar.com.ar\/litoral\/producto\/depiladora-brp505-recortador-cavado-philips\/","title":{"rendered":"Depiladora BRP505 + Recortador Cavado &#8211; Philips"},"content":{"rendered":"<p>Disfrut\u00e1 de unas piernas suaves durante semanas con Philips Satinelle. Elimin\u00e1 de ra\u00edz el vello de hasta tan solo 0,5 mm con suavidad. Esta edici\u00f3n especial incluye una cortadora para la zona del bikini a fin de darle una forma perfecta con unos resultados \u00f3ptimos.<\/p>\n","protected":false},"excerpt":{"rendered":"<p>Disfrut\u00e1 de unas piernas suaves durante semanas con Philips Satinelle. Elimin\u00e1 de ra\u00edz el vello de hasta tan solo 0,5 mm con suavidad. Esta edici\u00f3n especial incluye una cortadora para la zona del bikini a fin de darle una forma perfecta con unos resultados \u00f3ptimos.<\/p>\n","protected":false},"featured_media":22337,"comment_status":"open","ping_status":"closed","template":"","meta":[],"product_cat":[78,79],"product_tag":[],"class_list":["post-22336","product","type-product","status-publish","has-post-thumbnail","hentry","product_cat-cuidado-personal","product_cat-depiladoras"],"_links":{"self":[{"href":"https:\/\/ihogar.com.ar\/litoral\/wp-json\/wp\/v2\/product\/22336","targetHints":{"allow":["GET"]}}],"collection":[{"href":"https:\/\/ihogar.com.ar\/litoral\/wp-json\/wp\/v2\/product"}],"about":[{"href":"https:\/\/ihogar.com.ar\/litoral\/wp-json\/wp\/v2\/types\/product"}],"replies":[{"embeddable":true,"href":"https:\/\/ihogar.com.ar\/litoral\/wp-json\/wp\/v2\/comments?post=22336"}],"wp:featuredmedia":[{"embeddable":true,"href":"https:\/\/ihogar.com.ar\/litoral\/wp-json\/wp\/v2\/media\/22337"}],"wp:attachment":[{"href":"https:\/\/ihogar.com.ar\/litoral\/wp-json\/wp\/v2\/media?parent=22336"}],"wp:term":[{"taxonomy":"product_cat","embeddable":true,"href":"https:\/\/ihogar.com.ar\/litoral\/wp-json\/wp\/v2\/product_cat?post=22336"},{"taxonomy":"product_tag","embeddable":true,"href":"https:\/\/ihogar.com.ar\/litoral\/wp-json\/wp\/v2\/product_tag?post=22336"}],"curies":[{"name":"wp","href":"https:\/\/api.w.org\/{rel}","templated":true}]}}