{"id":22645,"date":"2023-06-22T00:40:54","date_gmt":"2023-06-22T03:40:54","guid":{"rendered":"https:\/\/ihogar.com.ar\/nuevosubsitio\/?post_type=product&#038;p=22645"},"modified":"2026-01-05T11:04:34","modified_gmt":"2026-01-05T14:04:34","slug":"mesa-de-luz-1c-1p-moccha","status":"publish","type":"product","link":"https:\/\/ihogar.com.ar\/litoral\/producto\/mesa-de-luz-1c-1p-moccha\/","title":{"rendered":"Mesa de Luz 1c 1p Pluspack Moccha"},"content":{"rendered":"<p>Mesa de luz 1 caj\u00f3n 1 puerta color\u00a0 Moccha<br \/>\nTablero de 15mm con terminaci\u00f3n textura Touch.<br \/>\nManijas Met\u00e1licas de dise\u00f1o minimalista.<\/p>\n<p>Medidas:<br \/>\nAlto 62,5 cm \/ Ancho 45 cm \/ Prof 39,3 cm<\/p>\n","protected":false},"excerpt":{"rendered":"<p>Mesa de luz 1 caj\u00f3n 1 puerta color\u00a0 Moccha Tablero de 15mm con terminaci\u00f3n textura Touch. Manijas Met\u00e1licas de dise\u00f1o minimalista. Medidas: Alto 62,5 cm \/ Ancho 45 cm \/ Prof 39,3 cm<\/p>\n","protected":false},"featured_media":22647,"comment_status":"open","ping_status":"closed","template":"","meta":[],"product_cat":[84,343,22],"product_tag":[],"class_list":["post-22645","product","type-product","status-publish","has-post-thumbnail","hentry","product_brand-ricchezze","product_cat-dormitorio","product_cat-mesas-de-luz","product_cat-muebles"],"_links":{"self":[{"href":"https:\/\/ihogar.com.ar\/litoral\/wp-json\/wp\/v2\/product\/22645","targetHints":{"allow":["GET"]}}],"collection":[{"href":"https:\/\/ihogar.com.ar\/litoral\/wp-json\/wp\/v2\/product"}],"about":[{"href":"https:\/\/ihogar.com.ar\/litoral\/wp-json\/wp\/v2\/types\/product"}],"replies":[{"embeddable":true,"href":"https:\/\/ihogar.com.ar\/litoral\/wp-json\/wp\/v2\/comments?post=22645"}],"wp:featuredmedia":[{"embeddable":true,"href":"https:\/\/ihogar.com.ar\/litoral\/wp-json\/wp\/v2\/media\/22647"}],"wp:attachment":[{"href":"https:\/\/ihogar.com.ar\/litoral\/wp-json\/wp\/v2\/media?parent=22645"}],"wp:term":[{"taxonomy":"product_cat","embeddable":true,"href":"https:\/\/ihogar.com.ar\/litoral\/wp-json\/wp\/v2\/product_cat?post=22645"},{"taxonomy":"product_tag","embeddable":true,"href":"https:\/\/ihogar.com.ar\/litoral\/wp-json\/wp\/v2\/product_tag?post=22645"}],"curies":[{"name":"wp","href":"https:\/\/api.w.org\/{rel}","templated":true}]}}