{"id":22717,"date":"2023-07-06T17:08:45","date_gmt":"2023-07-06T20:08:45","guid":{"rendered":"https:\/\/ihogar.com.ar\/nuevosubsitio\/?post_type=product&#038;p=22717"},"modified":"2026-01-05T11:04:51","modified_gmt":"2026-01-05T14:04:51","slug":"lavarropas-semi-con-bomba-desagote-4053-codini","status":"publish","type":"product","link":"https:\/\/ihogar.com.ar\/litoral\/producto\/lavarropas-semi-con-bomba-desagote-4053-codini\/","title":{"rendered":"Lavarropas Semi Con Bomba Desagote 4053 &#8211; Codini"},"content":{"rendered":"<p><u><strong>DESCRIPCI\u00d3N DEL PRODUCTO:\u00a0<\/strong><\/u><\/p>\n<p><strong>&#8211; Lavado Silencioso:\u00a0<\/strong><br \/>\nEl lavado se produce debajo del nivel de agua logrando<br \/>\nuna disminuci\u00f3n en el nivel de ruido, diferenci\u00e1ndose del<br \/>\ncl\u00e1sico sonido que produce el equipo vaiv\u00e9n.<br \/>\n<strong>&#8211; Sistema de lavado Oriental:<\/strong><br \/>\nLas prendas se mueven desde la parte inferior de la cuba<br \/>\nhacia arriba, en un movimiento circular amplio. Generando<br \/>\nun rozamiento mayor entre prendas y mejor efectividad en<br \/>\nel lavado.<br \/>\n<strong>&#8211; Disoluci\u00f3n eficaz del jab\u00f3n:\u00a0<\/strong><br \/>\nEl nuevo dise\u00f1o del agitador Codini, genera una turbulencia<br \/>\nque disuelve el jab\u00f3n mejor y m\u00e1s r\u00e1pido.<br \/>\nLavado m\u00e1s r\u00e1pido: \u00a1solo 15 minutos!<br \/>\nGracias a una mejora en la disoluci\u00f3n del jab\u00f3n, el prelavado<br \/>\nse elimina, disminuyendo el tiempo necesario para dejar la<br \/>\nropa limpia.<\/p>\n<div class=\"descripDetalle\">\n<div id=\"descProd\" class=\"descripcionProducto\">\n<p><u><strong>ESPECIFICACIONES TECNICAS:\u00a0<\/strong><\/u><\/p>\n<p>Exterior producto: 540x560x750mm (ancho x profundidad<br \/>\nx alto sin ruedas)<br \/>\nEmbalado: 575x580x800mm\u00a0(ancho x profundidad<br \/>\nx alto sin ruedas)<br \/>\nPeso bruto 10,28\u00a0Kg.<br \/>\nPeso neto: 10,82\u00a0Kg.<\/p>\n<\/div>\n<\/div>\n","protected":false},"excerpt":{"rendered":"<p>DESCRIPCI\u00d3N DEL PRODUCTO:\u00a0 &#8211; Lavado Silencioso:\u00a0 El lavado se produce debajo del nivel de agua logrando una disminuci\u00f3n en el nivel de ruido, diferenci\u00e1ndose del cl\u00e1sico sonido que produce el equipo vaiv\u00e9n. &#8211; Sistema de lavado Oriental: Las prendas se mueven desde la parte inferior de la cuba hacia arriba, en un movimiento circular amplio. [&hellip;]<\/p>\n","protected":false},"featured_media":22729,"comment_status":"open","ping_status":"closed","template":"","meta":[],"product_cat":[284,60,21],"product_tag":[],"class_list":["post-22717","product","type-product","status-publish","has-post-thumbnail","hentry","product_cat-lavado","product_cat-lavarropas","product_cat-electrodomesticos"],"_links":{"self":[{"href":"https:\/\/ihogar.com.ar\/litoral\/wp-json\/wp\/v2\/product\/22717","targetHints":{"allow":["GET"]}}],"collection":[{"href":"https:\/\/ihogar.com.ar\/litoral\/wp-json\/wp\/v2\/product"}],"about":[{"href":"https:\/\/ihogar.com.ar\/litoral\/wp-json\/wp\/v2\/types\/product"}],"replies":[{"embeddable":true,"href":"https:\/\/ihogar.com.ar\/litoral\/wp-json\/wp\/v2\/comments?post=22717"}],"wp:featuredmedia":[{"embeddable":true,"href":"https:\/\/ihogar.com.ar\/litoral\/wp-json\/wp\/v2\/media\/22729"}],"wp:attachment":[{"href":"https:\/\/ihogar.com.ar\/litoral\/wp-json\/wp\/v2\/media?parent=22717"}],"wp:term":[{"taxonomy":"product_cat","embeddable":true,"href":"https:\/\/ihogar.com.ar\/litoral\/wp-json\/wp\/v2\/product_cat?post=22717"},{"taxonomy":"product_tag","embeddable":true,"href":"https:\/\/ihogar.com.ar\/litoral\/wp-json\/wp\/v2\/product_tag?post=22717"}],"curies":[{"name":"wp","href":"https:\/\/api.w.org\/{rel}","templated":true}]}}