{"id":22719,"date":"2023-07-06T17:18:24","date_gmt":"2023-07-06T20:18:24","guid":{"rendered":"https:\/\/ihogar.com.ar\/nuevosubsitio\/?post_type=product&#038;p=22719"},"modified":"2026-03-02T11:07:11","modified_gmt":"2026-03-02T14:07:11","slug":"secarropas-innova-6-5-kg-codini","status":"publish","type":"product","link":"https:\/\/ihogar.com.ar\/litoral\/producto\/secarropas-innova-6-5-kg-codini\/","title":{"rendered":"Secarropas Innova 6.1 Kg &#8211; Codini"},"content":{"rendered":"<p>DESCRIPCI\u00d3N DEL PRODUCTO:<\/p>\n<p>Mayor absorci\u00f3n de vibraciones<br \/>\nSistema de seguridad para ni\u00f1os<br \/>\nAislaci\u00f3n el\u00e9ctrica total<br \/>\nApertura autom\u00e1tica de tapa<br \/>\nFreno autoajustable y exclusiva tapa visor.<\/p>\n<div class=\"descripDetalle\">\n<div id=\"descProd\" class=\"descripcionProducto\">\n<p>ESPECIFICACIONES TECNICAS:<\/p>\n<p>Exterior producto: 350x400x640mm (ancho x profundidad\u00a0x alto)<br \/>\nEmbalado: 370x450x670mm (ancho x profundidad x alto)<br \/>\nPeso bruto: 8,82\u00a0Kg.<br \/>\nPeso neto: 9,02 Kg.<\/p>\n<\/div>\n<\/div>\n","protected":false},"excerpt":{"rendered":"<p>DESCRIPCI\u00d3N DEL PRODUCTO: Mayor absorci\u00f3n de vibraciones Sistema de seguridad para ni\u00f1os Aislaci\u00f3n el\u00e9ctrica total Apertura autom\u00e1tica de tapa Freno autoajustable y exclusiva tapa visor. ESPECIFICACIONES TECNICAS: Exterior producto: 350x400x640mm (ancho x profundidad\u00a0x alto) Embalado: 370x450x670mm (ancho x profundidad x alto) Peso bruto: 8,82\u00a0Kg. Peso neto: 9,02 Kg.<\/p>\n","protected":false},"featured_media":22722,"comment_status":"open","ping_status":"closed","template":"","meta":[],"product_cat":[284,61,21],"product_tag":[],"class_list":["post-22719","product","type-product","status-publish","has-post-thumbnail","hentry","product_cat-lavado","product_cat-secarropas","product_cat-electrodomesticos"],"_links":{"self":[{"href":"https:\/\/ihogar.com.ar\/litoral\/wp-json\/wp\/v2\/product\/22719","targetHints":{"allow":["GET"]}}],"collection":[{"href":"https:\/\/ihogar.com.ar\/litoral\/wp-json\/wp\/v2\/product"}],"about":[{"href":"https:\/\/ihogar.com.ar\/litoral\/wp-json\/wp\/v2\/types\/product"}],"replies":[{"embeddable":true,"href":"https:\/\/ihogar.com.ar\/litoral\/wp-json\/wp\/v2\/comments?post=22719"}],"wp:featuredmedia":[{"embeddable":true,"href":"https:\/\/ihogar.com.ar\/litoral\/wp-json\/wp\/v2\/media\/22722"}],"wp:attachment":[{"href":"https:\/\/ihogar.com.ar\/litoral\/wp-json\/wp\/v2\/media?parent=22719"}],"wp:term":[{"taxonomy":"product_cat","embeddable":true,"href":"https:\/\/ihogar.com.ar\/litoral\/wp-json\/wp\/v2\/product_cat?post=22719"},{"taxonomy":"product_tag","embeddable":true,"href":"https:\/\/ihogar.com.ar\/litoral\/wp-json\/wp\/v2\/product_tag?post=22719"}],"curies":[{"name":"wp","href":"https:\/\/api.w.org\/{rel}","templated":true}]}}