{"id":22737,"date":"2023-07-06T18:18:40","date_gmt":"2023-07-06T21:18:40","guid":{"rendered":"https:\/\/ihogar.com.ar\/nuevosubsitio\/?post_type=product&#038;p=22737"},"modified":"2026-01-05T11:04:53","modified_gmt":"2026-01-05T14:04:53","slug":"lavarropas-fuzzywash-blanco-65-kg-800-rpm-electrolux","status":"publish","type":"product","link":"https:\/\/ihogar.com.ar\/litoral\/producto\/lavarropas-fuzzywash-blanco-65-kg-800-rpm-electrolux\/","title":{"rendered":"Lavarropas Fuzzywash Blanco 6,5 Kg 800 Rpm &#8211; Electrolux"},"content":{"rendered":"<p>CARACTER\u00cdSTICAS :<br \/>\n&#8211; Marca: Electrolux<br \/>\n&#8211; Modelo: Fuzzywash<br \/>\n&#8211; Lavado Inteligente: Este programa efect\u00faa autom\u00e1ticamente la selecci\u00f3n de agua en funci\u00f3n del peso de la ropa optimizando al m\u00e1ximo la econom\u00eda de su lavarropas.<br \/>\n&#8211; Dise\u00f1o Innovador: Excelente dise\u00f1o y est\u00e9tica moderna.<br \/>\n&#8211; 5 programas de lavado: Selecci\u00f3n del programa que m\u00e1s te convenga.<br \/>\n&#8211; Lavado diferido: Con ese programa eleg\u00eds que momento es el m\u00e1s conveniente para lavar la ropa.<br \/>\n&#8211; Lavado r\u00e1pido: Aprovecha mejor tu tiempo.<br \/>\n&#8211; Eficiencia Energ\u00e9tica : AAA<br \/>\n&#8211; Tapa de vidrio templado<br \/>\n&#8211; Termostato<br \/>\n&#8211; Eco-Lavado: Optimiz\u00e1 tu lavado en cualquier programa o configuraci\u00f3n.<br \/>\n&#8211; Alarma de finalizaci\u00f3n<br \/>\n&#8211; Tambor de acero<br \/>\n&#8211; Funci\u00f3n de media carga<br \/>\n&#8211; Carga autoadaptativa\/ FUZZY<br \/>\n&#8211; Bloqueo de panel<br \/>\n&#8211; Color: Blanco<br \/>\n&#8211; Capacidad lavado: 6,5 Kg<br \/>\n&#8211; Velocidad de centrifugado: 800 rpm<br \/>\n&#8211; Voltaje: 220 V<br \/>\n&#8211; Frecuencia: 50 Hz<br \/>\n&#8211; Peso neto: 31 kg<\/p>\n<p>MEDIDAS:<br \/>\n&#8211; Alto: 95,5 cm<br \/>\n&#8211; Ancho: 54 cm<br \/>\n&#8211; Profundidad: 57 cm<\/p>\n","protected":false},"excerpt":{"rendered":"<p>CARACTER\u00cdSTICAS : &#8211; Marca: Electrolux &#8211; Modelo: Fuzzywash &#8211; Lavado Inteligente: Este programa efect\u00faa autom\u00e1ticamente la selecci\u00f3n de agua en funci\u00f3n del peso de la ropa optimizando al m\u00e1ximo la econom\u00eda de su lavarropas. &#8211; Dise\u00f1o Innovador: Excelente dise\u00f1o y est\u00e9tica moderna. &#8211; 5 programas de lavado: Selecci\u00f3n del programa que m\u00e1s te convenga. &#8211; [&hellip;]<\/p>\n","protected":false},"featured_media":22738,"comment_status":"open","ping_status":"closed","template":"","meta":[],"product_cat":[284,60,21],"product_tag":[],"class_list":["post-22737","product","type-product","status-publish","has-post-thumbnail","hentry","product_cat-lavado","product_cat-lavarropas","product_cat-electrodomesticos"],"_links":{"self":[{"href":"https:\/\/ihogar.com.ar\/litoral\/wp-json\/wp\/v2\/product\/22737","targetHints":{"allow":["GET"]}}],"collection":[{"href":"https:\/\/ihogar.com.ar\/litoral\/wp-json\/wp\/v2\/product"}],"about":[{"href":"https:\/\/ihogar.com.ar\/litoral\/wp-json\/wp\/v2\/types\/product"}],"replies":[{"embeddable":true,"href":"https:\/\/ihogar.com.ar\/litoral\/wp-json\/wp\/v2\/comments?post=22737"}],"wp:featuredmedia":[{"embeddable":true,"href":"https:\/\/ihogar.com.ar\/litoral\/wp-json\/wp\/v2\/media\/22738"}],"wp:attachment":[{"href":"https:\/\/ihogar.com.ar\/litoral\/wp-json\/wp\/v2\/media?parent=22737"}],"wp:term":[{"taxonomy":"product_cat","embeddable":true,"href":"https:\/\/ihogar.com.ar\/litoral\/wp-json\/wp\/v2\/product_cat?post=22737"},{"taxonomy":"product_tag","embeddable":true,"href":"https:\/\/ihogar.com.ar\/litoral\/wp-json\/wp\/v2\/product_tag?post=22737"}],"curies":[{"name":"wp","href":"https:\/\/api.w.org\/{rel}","templated":true}]}}