{"id":22808,"date":"2023-07-20T10:52:50","date_gmt":"2023-07-20T13:52:50","guid":{"rendered":"https:\/\/ihogar.com.ar\/nuevosubsitio\/?post_type=product&#038;p=22808"},"modified":"2026-01-05T11:06:19","modified_gmt":"2026-01-05T14:06:19","slug":"caloventor-de-pared-confortroom-cccw800-liliana","status":"publish","type":"product","link":"https:\/\/ihogar.com.ar\/litoral\/producto\/caloventor-de-pared-confortroom-cccw800-liliana\/","title":{"rendered":"Caloventor De Pared Confortroom Cccw800 &#8211; Liliana"},"content":{"rendered":"<h3>Modelo: CW800<\/h3>\n<h3>Turbina tangencial que logra una distribuci\u00f3n del calor m\u00e1s r\u00e1pida y efectiva, reduciendo el consumo.<\/h3>\n<p>\u00b7 Led indicador de funciones.<br \/>\n\u00b7 Control remoto.<br \/>\n\u00b7 F\u00e1cil montaje en pared.<br \/>\n\u00b7 Funci\u00f3n oscilaci\u00f3n del deflector de aire.<br \/>\n\u00b7 Placa cer\u00e1mica de PTC de alta seguridad.<br \/>\n\u00b7 Timer programable de \u00bd hasta 7 \u00bd hs.<br \/>\n\u00b7 Selector de temperatura.<\/p>\n<h3>Totalmente seguro.<\/h3>\n<p>\u00b7 No consume ox\u00edgeno.<br \/>\n\u00b7 Corte de seguridad por sobrecalentamiento.<\/p>\n<p>\u00b7 Potencia: 1.000\/ 2.000 W.<br \/>\n\u00b7 Medidas: 64x25x17cm. (Base x Altura x Profundidad)<\/p>\n<h3>Garant\u00eda 2 A\u00f1os<\/h3>\n<p>Industria Argentina<\/p>\n","protected":false},"excerpt":{"rendered":"<p>Modelo: CW800 Turbina tangencial que logra una distribuci\u00f3n del calor m\u00e1s r\u00e1pida y efectiva, reduciendo el consumo. \u00b7 Led indicador de funciones. \u00b7 Control remoto. \u00b7 F\u00e1cil montaje en pared. \u00b7 Funci\u00f3n oscilaci\u00f3n del deflector de aire. \u00b7 Placa cer\u00e1mica de PTC de alta seguridad. \u00b7 Timer programable de \u00bd hasta 7 \u00bd hs. \u00b7 [&hellip;]<\/p>\n","protected":false},"featured_media":22809,"comment_status":"open","ping_status":"closed","template":"","meta":[],"product_cat":[65,384,62,21],"product_tag":[],"class_list":["post-22808","product","type-product","status-publish","has-post-thumbnail","hentry","product_cat-calefaccion","product_cat-caloventores","product_cat-climatizacion","product_cat-electrodomesticos"],"_links":{"self":[{"href":"https:\/\/ihogar.com.ar\/litoral\/wp-json\/wp\/v2\/product\/22808","targetHints":{"allow":["GET"]}}],"collection":[{"href":"https:\/\/ihogar.com.ar\/litoral\/wp-json\/wp\/v2\/product"}],"about":[{"href":"https:\/\/ihogar.com.ar\/litoral\/wp-json\/wp\/v2\/types\/product"}],"replies":[{"embeddable":true,"href":"https:\/\/ihogar.com.ar\/litoral\/wp-json\/wp\/v2\/comments?post=22808"}],"wp:featuredmedia":[{"embeddable":true,"href":"https:\/\/ihogar.com.ar\/litoral\/wp-json\/wp\/v2\/media\/22809"}],"wp:attachment":[{"href":"https:\/\/ihogar.com.ar\/litoral\/wp-json\/wp\/v2\/media?parent=22808"}],"wp:term":[{"taxonomy":"product_cat","embeddable":true,"href":"https:\/\/ihogar.com.ar\/litoral\/wp-json\/wp\/v2\/product_cat?post=22808"},{"taxonomy":"product_tag","embeddable":true,"href":"https:\/\/ihogar.com.ar\/litoral\/wp-json\/wp\/v2\/product_tag?post=22808"}],"curies":[{"name":"wp","href":"https:\/\/api.w.org\/{rel}","templated":true}]}}