{"id":22833,"date":"2023-07-24T09:24:01","date_gmt":"2023-07-24T12:24:01","guid":{"rendered":"https:\/\/ihogar.com.ar\/nuevosubsitio\/?post_type=product&#038;p=22833"},"modified":"2026-01-05T11:04:20","modified_gmt":"2026-01-05T14:04:20","slug":"parlante-torre-8500w-bluetooth-aw-t2202-2x8w-pmpo-aiwa","status":"publish","type":"product","link":"https:\/\/ihogar.com.ar\/litoral\/producto\/parlante-torre-8500w-bluetooth-aw-t2202-2x8w-pmpo-aiwa\/","title":{"rendered":"Parlante Torre 8500W Bluetooth Aw-T2202 2X8W Pmpo &#8211; Aiwa"},"content":{"rendered":"<p style=\"font-weight: 400;\"><b><strong>Especificaciones<\/strong><\/b>:<\/p>\n<p style=\"font-weight: 400;\">Woofer: 2 x 8\u201d<\/p>\n<p style=\"font-weight: 400;\">Tweeter: 1 x 2\u201d<\/p>\n<p style=\"font-weight: 400;\">Potencia PMPO: 8500 W<\/p>\n<p style=\"font-weight: 400;\">Efectos de luz<\/p>\n<p style=\"font-weight: 400;\">Reguladores: Graves, Agudos, Eco y volumen micr\u00f3fono<\/p>\n<p style=\"font-weight: 400;\">Entradas: Auxiliar, Micr\u00f3fono<\/p>\n<p style=\"font-weight: 400;\">Funci\u00f3n: Bluetooth, TWS, Auxiliar, Power Bank<\/p>\n<p style=\"font-weight: 400;\">Mobile Holder<\/p>\n<p style=\"font-weight: 400;\">Posee ruedas<\/p>\n<p style=\"font-weight: 400;\">\n<p style=\"font-weight: 400;\">Medidas del producto: 59.5 x 25 x 24.2 cm<\/p>\n<p style=\"font-weight: 400;\">Medidas del embalaje: 62.5 x 33.2 x 33.2 cm<\/p>\n<p style=\"font-weight: 400;\">Peso: 5.8 kg<\/p>\n<p style=\"font-weight: 400;\">Bater\u00eda recargable de 7.4V\/3600 mAh<\/p>\n<p style=\"font-weight: 400;\">\n<p style=\"font-weight: 400;\">Incluye:<\/p>\n<p style=\"font-weight: 400;\">Cable aux<\/p>\n<p style=\"font-weight: 400;\">Cargador<\/p>\n<p style=\"font-weight: 400;\">Manual<\/p>\n<p style=\"font-weight: 400;\">Garant\u00eda<\/p>\n","protected":false},"excerpt":{"rendered":"<p>Especificaciones: Woofer: 2 x 8\u201d Tweeter: 1 x 2\u201d Potencia PMPO: 8500 W Efectos de luz Reguladores: Graves, Agudos, Eco y volumen micr\u00f3fono Entradas: Auxiliar, Micr\u00f3fono Funci\u00f3n: Bluetooth, TWS, Auxiliar, Power Bank Mobile Holder Posee ruedas Medidas del producto: 59.5 x 25 x 24.2 cm Medidas del embalaje: 62.5 x 33.2 x 33.2 cm Peso: [&hellip;]<\/p>\n","protected":false},"featured_media":22834,"comment_status":"open","ping_status":"closed","template":"","meta":[],"product_cat":[280,40,25],"product_tag":[],"class_list":["post-22833","product","type-product","status-publish","has-post-thumbnail","hentry","product_cat-audio","product_cat-parlantes-portatiles","product_cat-tecnologia"],"_links":{"self":[{"href":"https:\/\/ihogar.com.ar\/litoral\/wp-json\/wp\/v2\/product\/22833","targetHints":{"allow":["GET"]}}],"collection":[{"href":"https:\/\/ihogar.com.ar\/litoral\/wp-json\/wp\/v2\/product"}],"about":[{"href":"https:\/\/ihogar.com.ar\/litoral\/wp-json\/wp\/v2\/types\/product"}],"replies":[{"embeddable":true,"href":"https:\/\/ihogar.com.ar\/litoral\/wp-json\/wp\/v2\/comments?post=22833"}],"wp:featuredmedia":[{"embeddable":true,"href":"https:\/\/ihogar.com.ar\/litoral\/wp-json\/wp\/v2\/media\/22834"}],"wp:attachment":[{"href":"https:\/\/ihogar.com.ar\/litoral\/wp-json\/wp\/v2\/media?parent=22833"}],"wp:term":[{"taxonomy":"product_cat","embeddable":true,"href":"https:\/\/ihogar.com.ar\/litoral\/wp-json\/wp\/v2\/product_cat?post=22833"},{"taxonomy":"product_tag","embeddable":true,"href":"https:\/\/ihogar.com.ar\/litoral\/wp-json\/wp\/v2\/product_tag?post=22833"}],"curies":[{"name":"wp","href":"https:\/\/api.w.org\/{rel}","templated":true}]}}