{"id":22931,"date":"2023-08-26T17:56:43","date_gmt":"2023-08-26T20:56:43","guid":{"rendered":"https:\/\/ihogar.com.ar\/chajari\/?post_type=product&#038;p=22931"},"modified":"2026-01-05T11:06:16","modified_gmt":"2026-01-05T14:06:16","slug":"freezer-inelro-280lts-fih-350pi-plus-gris","status":"publish","type":"product","link":"https:\/\/ihogar.com.ar\/litoral\/producto\/freezer-inelro-280lts-fih-350pi-plus-gris\/","title":{"rendered":"Freezer Inelro 280lts FIH 350PI Plus Gris"},"content":{"rendered":"<h3 class=\"sc-34c797d0-4 kdvZTD\">Caracter\u00edsticas<\/h3>\n<div class=\"sc-34c797d0-6 hXHXnJ\">\n<div id=\"5a301bee14000063004908b8\">\n<p>Compresor de \u00faltima generaci\u00f3n.<\/p>\n<p>Termostato mec\u00e1nico.<\/p>\n<p>Condensaci\u00f3n: aire forzado. Tubo alambre.<\/p>\n<p>Evaporador: serpentina ca\u00f1o de aluminio.<\/p>\n<p>Agente espumante: Ciclo Isopentano (libre CFC).<\/p>\n<p>Gas refrigerante ecol\u00f3gico R290 (libre CFC).<\/p>\n<p>Puertas curvas deslizables de vidrio templado.<\/p>\n<p>Marco en color gris.<\/p>\n<p>Ruedas de alta resistencia dobles.<\/p>\n<p>Canastos pl\u00e1sticos inyectados.<\/p>\n<p>Interior gabinete: galvanizado &#8211; prepintado.<\/p>\n<p>Exterior gabinete: galvanizado &#8211; prepintado.<\/p>\n<p>Aislante poliuretano 38kg\/m3.<\/p>\n<\/div>\n<\/div>\n","protected":false},"excerpt":{"rendered":"<p>Caracter\u00edsticas Compresor de \u00faltima generaci\u00f3n. Termostato mec\u00e1nico. Condensaci\u00f3n: aire forzado. Tubo alambre. Evaporador: serpentina ca\u00f1o de aluminio. Agente espumante: Ciclo Isopentano (libre CFC). Gas refrigerante ecol\u00f3gico R290 (libre CFC). Puertas curvas deslizables de vidrio templado. Marco en color gris. Ruedas de alta resistencia dobles. Canastos pl\u00e1sticos inyectados. Interior gabinete: galvanizado &#8211; prepintado. Exterior gabinete: galvanizado [&hellip;]<\/p>\n","protected":false},"featured_media":22933,"comment_status":"open","ping_status":"closed","template":"","meta":[],"product_cat":[286,59,21],"product_tag":[],"class_list":["post-22931","product","type-product","status-publish","has-post-thumbnail","hentry","product_brand-inelro","product_cat-freezers","product_cat-heladeras-y-termotanques","product_cat-electrodomesticos"],"_links":{"self":[{"href":"https:\/\/ihogar.com.ar\/litoral\/wp-json\/wp\/v2\/product\/22931","targetHints":{"allow":["GET"]}}],"collection":[{"href":"https:\/\/ihogar.com.ar\/litoral\/wp-json\/wp\/v2\/product"}],"about":[{"href":"https:\/\/ihogar.com.ar\/litoral\/wp-json\/wp\/v2\/types\/product"}],"replies":[{"embeddable":true,"href":"https:\/\/ihogar.com.ar\/litoral\/wp-json\/wp\/v2\/comments?post=22931"}],"wp:featuredmedia":[{"embeddable":true,"href":"https:\/\/ihogar.com.ar\/litoral\/wp-json\/wp\/v2\/media\/22933"}],"wp:attachment":[{"href":"https:\/\/ihogar.com.ar\/litoral\/wp-json\/wp\/v2\/media?parent=22931"}],"wp:term":[{"taxonomy":"product_cat","embeddable":true,"href":"https:\/\/ihogar.com.ar\/litoral\/wp-json\/wp\/v2\/product_cat?post=22931"},{"taxonomy":"product_tag","embeddable":true,"href":"https:\/\/ihogar.com.ar\/litoral\/wp-json\/wp\/v2\/product_tag?post=22931"}],"curies":[{"name":"wp","href":"https:\/\/api.w.org\/{rel}","templated":true}]}}