{"id":23004,"date":"2023-09-02T10:16:28","date_gmt":"2023-09-02T13:16:28","guid":{"rendered":"https:\/\/ihogar.com.ar\/chajari\/?post_type=product&#038;p=23004"},"modified":"2026-01-05T11:05:48","modified_gmt":"2026-01-05T14:05:48","slug":"hidrolavadora-k2-full-control-karcher","status":"publish","type":"product","link":"https:\/\/ihogar.com.ar\/litoral\/producto\/hidrolavadora-k2-full-control-karcher\/","title":{"rendered":"Hidrolavadora K2 Full Control &#8211; Karcher"},"content":{"rendered":"<h2>Descripcion<\/h2>\n<p>El equipamiento de la K 2 Full Control incluye dos ruedas de marcha suave, una manguera de alta presi\u00f3n de 4 m, una boquilla turbo con chorro concentrado giratorio contra suciedad resistente, as\u00ed como un filtro de agua para proteger la bomba de la penetraci\u00f3n de part\u00edculas de suciedad. La lanza pulverizadora Full Control Click Vario Power cuenta con los niveles de presi\u00f3n SOFT, MEDIUM y HARD, as\u00ed como con el modo de limpieza (MIX), que se pueden ajustar c\u00f3modamente girando la lanza pulverizadora Vario Power. Los s\u00edmbolos indican los campos de aplicaci\u00f3n \u00f3ptimos de los niveles de presi\u00f3n. La limpiadora de alta presi\u00f3n ha sido desarrollada para trabajos de limpieza ocasionales y suciedad ligera en toda la casa, por ejemplo, utensilios de jardiner\u00eda o muebles de jard\u00edn. Certificado N\u00b0: DC-E-K50-014-2 Certificadora: IRAM<\/p>\n<h2>Especificaciones<\/h2>\n<p>Datos t\u00e9cnicos<br \/>\nTipo de corriente (V\/Hz) 220 V<\/p>\n<p>Caudal (l\/h) 360<\/p>\n<p>Presi\u00f3n (bares)<br \/>\n110<\/p>\n<p>Lanzas Vario Power Jet &#8211; Boquilla turbo<\/p>\n<p>Tipo de uso Hogare\u00f1a<\/p>\n<p>&nbsp;<\/p>\n","protected":false},"excerpt":{"rendered":"<p>Descripcion El equipamiento de la K 2 Full Control incluye dos ruedas de marcha suave, una manguera de alta presi\u00f3n de 4 m, una boquilla turbo con chorro concentrado giratorio contra suciedad resistente, as\u00ed como un filtro de agua para proteger la bomba de la penetraci\u00f3n de part\u00edculas de suciedad. La lanza pulverizadora Full Control [&hellip;]<\/p>\n","protected":false},"featured_media":23005,"comment_status":"open","ping_status":"closed","template":"","meta":[],"product_cat":[376,76,73,375],"product_tag":[],"class_list":["post-23004","product","type-product","status-publish","has-post-thumbnail","hentry","product_cat-herramientas","product_cat-hidrolavadora","product_cat-pequenoshogar","product_cat-tiempo-libre"],"_links":{"self":[{"href":"https:\/\/ihogar.com.ar\/litoral\/wp-json\/wp\/v2\/product\/23004","targetHints":{"allow":["GET"]}}],"collection":[{"href":"https:\/\/ihogar.com.ar\/litoral\/wp-json\/wp\/v2\/product"}],"about":[{"href":"https:\/\/ihogar.com.ar\/litoral\/wp-json\/wp\/v2\/types\/product"}],"replies":[{"embeddable":true,"href":"https:\/\/ihogar.com.ar\/litoral\/wp-json\/wp\/v2\/comments?post=23004"}],"wp:featuredmedia":[{"embeddable":true,"href":"https:\/\/ihogar.com.ar\/litoral\/wp-json\/wp\/v2\/media\/23005"}],"wp:attachment":[{"href":"https:\/\/ihogar.com.ar\/litoral\/wp-json\/wp\/v2\/media?parent=23004"}],"wp:term":[{"taxonomy":"product_cat","embeddable":true,"href":"https:\/\/ihogar.com.ar\/litoral\/wp-json\/wp\/v2\/product_cat?post=23004"},{"taxonomy":"product_tag","embeddable":true,"href":"https:\/\/ihogar.com.ar\/litoral\/wp-json\/wp\/v2\/product_tag?post=23004"}],"curies":[{"name":"wp","href":"https:\/\/api.w.org\/{rel}","templated":true}]}}