{"id":23068,"date":"2023-12-16T17:55:42","date_gmt":"2023-12-16T20:55:42","guid":{"rendered":"https:\/\/ihogar.com.ar\/litoral\/?post_type=product&#038;p=23068"},"modified":"2026-01-05T11:05:19","modified_gmt":"2026-01-05T14:05:19","slug":"pileta-redonda-1880lts-244-x-61-con-bomba-bestway","status":"publish","type":"product","link":"https:\/\/ihogar.com.ar\/litoral\/producto\/pileta-redonda-1880lts-244-x-61-con-bomba-bestway\/","title":{"rendered":"Pileta Redonda 1880Lts 2,44 X 61 Con Bomba Bestway"},"content":{"rendered":"<p>Sum\u00e9rgete en la diversi\u00f3n y el frescor con la pileta inflable Bestway con bomba de 1880 litros. Con un di\u00e1metro de 244 cent\u00edmetros y una altura de 61 cent\u00edmetros, esta pileta es perfecta para disfrutar del verano en la comodidad de tu hogar.<\/p>\n<p>Gracias a su sistema inflable y la inclusi\u00f3n de una bomba, la instalaci\u00f3n de esta pileta es r\u00e1pida y sencilla. Simplemente infla el anillo superior y llena la pileta con agua para empezar a disfrutarla en poco tiempo.<\/p>\n<p>Con una capacidad de 1880 litros, esta pileta ofrece espacio suficiente para que familiares y amigos se refresquen y se diviertan juntos durante los d\u00edas calurosos. Fabricada con materiales duraderos, asegura una experiencia segura y confiable para todos.<\/p>\n<p>Esta pileta inflable Bestway con bomba es la opci\u00f3n perfecta para crear momentos memorables y refrescantes en tu jard\u00edn. Adem\u00e1s, su dise\u00f1o pr\u00e1ctico facilita su almacenamiento fuera de temporada, garantizando diversi\u00f3n veraniega a\u00f1o tras a\u00f1o.<\/p>\n","protected":false},"excerpt":{"rendered":"<p>Sum\u00e9rgete en la diversi\u00f3n y el frescor con la pileta inflable Bestway con bomba de 1880 litros. Con un di\u00e1metro de 244 cent\u00edmetros y una altura de 61 cent\u00edmetros, esta pileta es perfecta para disfrutar del verano en la comodidad de tu hogar. Gracias a su sistema inflable y la inclusi\u00f3n de una bomba, la [&hellip;]<\/p>\n","protected":false},"featured_media":23069,"comment_status":"open","ping_status":"closed","template":"","meta":[],"product_cat":[378,375],"product_tag":[],"class_list":["post-23068","product","type-product","status-publish","has-post-thumbnail","hentry","product_cat-piletas","product_cat-tiempo-libre"],"_links":{"self":[{"href":"https:\/\/ihogar.com.ar\/litoral\/wp-json\/wp\/v2\/product\/23068","targetHints":{"allow":["GET"]}}],"collection":[{"href":"https:\/\/ihogar.com.ar\/litoral\/wp-json\/wp\/v2\/product"}],"about":[{"href":"https:\/\/ihogar.com.ar\/litoral\/wp-json\/wp\/v2\/types\/product"}],"replies":[{"embeddable":true,"href":"https:\/\/ihogar.com.ar\/litoral\/wp-json\/wp\/v2\/comments?post=23068"}],"wp:featuredmedia":[{"embeddable":true,"href":"https:\/\/ihogar.com.ar\/litoral\/wp-json\/wp\/v2\/media\/23069"}],"wp:attachment":[{"href":"https:\/\/ihogar.com.ar\/litoral\/wp-json\/wp\/v2\/media?parent=23068"}],"wp:term":[{"taxonomy":"product_cat","embeddable":true,"href":"https:\/\/ihogar.com.ar\/litoral\/wp-json\/wp\/v2\/product_cat?post=23068"},{"taxonomy":"product_tag","embeddable":true,"href":"https:\/\/ihogar.com.ar\/litoral\/wp-json\/wp\/v2\/product_tag?post=23068"}],"curies":[{"name":"wp","href":"https:\/\/api.w.org\/{rel}","templated":true}]}}