{"id":23094,"date":"2023-12-18T19:55:49","date_gmt":"2023-12-18T22:55:49","guid":{"rendered":"https:\/\/ihogar.com.ar\/litoral\/?post_type=product&#038;p=23094"},"modified":"2026-04-07T17:39:51","modified_gmt":"2026-04-07T20:39:51","slug":"cocina-industrial-550-vidriada-taesca","status":"publish","type":"product","link":"https:\/\/ihogar.com.ar\/litoral\/producto\/cocina-industrial-550-vidriada-taesca\/","title":{"rendered":"Cocina Industrial 550 Vidriada &#8211; Taesca"},"content":{"rendered":"<p>Descubre la potencia y la eficiencia con la cocina industrial Taesca 550 vidriada de 4 hornallas, dise\u00f1ada para ofrecer un rendimiento excepcional en entornos comerciales y gastron\u00f3micos.<\/p>\n<p>Construida con materiales de calidad y una estructura robusta, esta cocina industrial combina durabilidad y funcionalidad para satisfacer las demandas de uso continuo en restaurantes, hoteles o espacios gastron\u00f3micos.<\/p>\n<p>Equipada con 4 hornallas, esta cocina proporciona una distribuci\u00f3n uniforme del calor para una cocci\u00f3n precisa y r\u00e1pida. La superficie vidriada no solo brinda resistencia y facilidad de limpieza, sino tambi\u00e9n un dise\u00f1o elegante que se integra a la perfecci\u00f3n en cualquier cocina profesional.<\/p>\n<p>Sus controles precisos te permiten ajustar la temperatura con exactitud, mientras que sus quemadores potentes aseguran un calentamiento eficiente y r\u00e1pido de tus platos.<\/p>\n<p>La cocina industrial Taesca 550 vidriada ofrece una combinaci\u00f3n ideal de potencia, durabilidad y estilo, convirti\u00e9ndose en la elecci\u00f3n perfecta para chefs y profesionales de la cocina que buscan un equipo confiable y de alto rendimiento.<\/p>\n","protected":false},"excerpt":{"rendered":"<p>Descubre la potencia y la eficiencia con la cocina industrial Taesca 550 vidriada de 4 hornallas, dise\u00f1ada para ofrecer un rendimiento excepcional en entornos comerciales y gastron\u00f3micos. Construida con materiales de calidad y una estructura robusta, esta cocina industrial combina durabilidad y funcionalidad para satisfacer las demandas de uso continuo en restaurantes, hoteles o espacios [&hellip;]<\/p>\n","protected":false},"featured_media":23095,"comment_status":"open","ping_status":"closed","template":"","meta":[],"product_cat":[54,55,21],"product_tag":[],"class_list":["post-23094","product","type-product","status-publish","has-post-thumbnail","hentry","product_cat-cocinas-y-hornos","product_cat-hornos","product_cat-electrodomesticos"],"_links":{"self":[{"href":"https:\/\/ihogar.com.ar\/litoral\/wp-json\/wp\/v2\/product\/23094","targetHints":{"allow":["GET"]}}],"collection":[{"href":"https:\/\/ihogar.com.ar\/litoral\/wp-json\/wp\/v2\/product"}],"about":[{"href":"https:\/\/ihogar.com.ar\/litoral\/wp-json\/wp\/v2\/types\/product"}],"replies":[{"embeddable":true,"href":"https:\/\/ihogar.com.ar\/litoral\/wp-json\/wp\/v2\/comments?post=23094"}],"wp:featuredmedia":[{"embeddable":true,"href":"https:\/\/ihogar.com.ar\/litoral\/wp-json\/wp\/v2\/media\/23095"}],"wp:attachment":[{"href":"https:\/\/ihogar.com.ar\/litoral\/wp-json\/wp\/v2\/media?parent=23094"}],"wp:term":[{"taxonomy":"product_cat","embeddable":true,"href":"https:\/\/ihogar.com.ar\/litoral\/wp-json\/wp\/v2\/product_cat?post=23094"},{"taxonomy":"product_tag","embeddable":true,"href":"https:\/\/ihogar.com.ar\/litoral\/wp-json\/wp\/v2\/product_tag?post=23094"}],"curies":[{"name":"wp","href":"https:\/\/api.w.org\/{rel}","templated":true}]}}