{"id":23385,"date":"2025-09-21T11:23:30","date_gmt":"2025-09-21T14:23:30","guid":{"rendered":"https:\/\/ihogar.com.ar\/litoral\/?post_type=product&#038;p=23385"},"modified":"2026-01-05T11:05:29","modified_gmt":"2026-01-05T14:05:29","slug":"colchon-2p-esp-140x20-60kg-turin","status":"publish","type":"product","link":"https:\/\/ihogar.com.ar\/litoral\/producto\/colchon-2p-esp-140x20-60kg-turin\/","title":{"rendered":"COLCHON 2 Plazas Espuma 140X20 60KG TURIN"},"content":{"rendered":"<p data-start=\"217\" data-end=\"482\">El <strong data-start=\"220\" data-end=\"256\">Colch\u00f3n Tur\u00edn de Espuma 2 Plazas<\/strong> de <strong data-start=\"260\" data-end=\"272\">Maxiking<\/strong> es la elecci\u00f3n perfecta para quienes buscan un descanso confortable a un precio accesible. Dise\u00f1ado con espuma de alta densidad y tapizado en tela resistente, ofrece firmeza y durabilidad para el uso diario.<\/p>\n<p data-start=\"484\" data-end=\"637\">Con medidas de <strong data-start=\"499\" data-end=\"536\">140 cm de ancho por 20 cm de alto<\/strong>, se adapta a camas de 2 plazas, brindando el espacio y soporte necesarios para un sue\u00f1o reparador.<\/p>\n<h4 data-start=\"639\" data-end=\"672\">Caracter\u00edsticas principales:<\/h4>\n<ul data-start=\"673\" data-end=\"967\">\n<li data-start=\"673\" data-end=\"704\">\n<p data-start=\"675\" data-end=\"704\">Tipo: <strong data-start=\"681\" data-end=\"702\">Colch\u00f3n de espuma<\/strong><\/p>\n<\/li>\n<li data-start=\"705\" data-end=\"725\">\n<p data-start=\"707\" data-end=\"725\">L\u00ednea: <strong data-start=\"714\" data-end=\"723\">Tur\u00edn<\/strong><\/p>\n<\/li>\n<li data-start=\"726\" data-end=\"749\">\n<p data-start=\"728\" data-end=\"749\">Marca: <strong data-start=\"735\" data-end=\"747\">Maxiking<\/strong><\/p>\n<\/li>\n<li data-start=\"750\" data-end=\"790\">\n<p data-start=\"752\" data-end=\"790\">Medidas: <strong data-start=\"761\" data-end=\"788\">140 cm x 190 cm x 20 cm<\/strong><\/p>\n<\/li>\n<li data-start=\"791\" data-end=\"831\">\n<p data-start=\"793\" data-end=\"831\">Soporte: <strong data-start=\"802\" data-end=\"829\">Hasta 60 kg por persona<\/strong><\/p>\n<\/li>\n<li data-start=\"832\" data-end=\"854\">\n<p data-start=\"834\" data-end=\"854\">Firmeza: <strong data-start=\"843\" data-end=\"852\">Media<\/strong><\/p>\n<\/li>\n<li data-start=\"855\" data-end=\"918\">\n<p data-start=\"857\" data-end=\"918\">Tela: <strong data-start=\"863\" data-end=\"916\">Revestimiento de alta resistencia, dise\u00f1o cl\u00e1sico<\/strong><\/p>\n<\/li>\n<li data-start=\"919\" data-end=\"967\">\n<p data-start=\"921\" data-end=\"967\">Tratamiento: <strong data-start=\"934\" data-end=\"965\">Hipoalerg\u00e9nico y anti\u00e1caros<\/strong><\/p>\n<\/li>\n<\/ul>\n<h4 data-start=\"969\" data-end=\"985\">Beneficios:<\/h4>\n<p data-start=\"986\" data-end=\"1204\">\u2705 Excelente relaci\u00f3n precio\u2013calidad<br data-start=\"1021\" data-end=\"1024\" \/>\u2705 Espuma de densidad est\u00e1ndar que brinda comodidad y soporte<br data-start=\"1084\" data-end=\"1087\" \/>\u2705 Superficie firme para un descanso equilibrado<br data-start=\"1134\" data-end=\"1137\" \/>\u2705 Ideal para uso diario en dormitorios principales o de hu\u00e9spede<\/p>\n","protected":false},"excerpt":{"rendered":"<p>El Colch\u00f3n Tur\u00edn de Espuma 2 Plazas de Maxiking es la elecci\u00f3n perfecta para quienes buscan un descanso confortable a un precio accesible. Dise\u00f1ado con espuma de alta densidad y tapizado en tela resistente, ofrece firmeza y durabilidad para el uso diario. Con medidas de 140 cm de ancho por 20 cm de alto, se [&hellip;]<\/p>\n","protected":false},"featured_media":23388,"comment_status":"open","ping_status":"closed","template":"","meta":[],"product_cat":[318,90,92],"product_tag":[],"class_list":["post-23385","product","type-product","status-publish","has-post-thumbnail","hentry","product_cat-colchones140","product_cat-colchones","product_cat-colchon-espuma"],"_links":{"self":[{"href":"https:\/\/ihogar.com.ar\/litoral\/wp-json\/wp\/v2\/product\/23385","targetHints":{"allow":["GET"]}}],"collection":[{"href":"https:\/\/ihogar.com.ar\/litoral\/wp-json\/wp\/v2\/product"}],"about":[{"href":"https:\/\/ihogar.com.ar\/litoral\/wp-json\/wp\/v2\/types\/product"}],"replies":[{"embeddable":true,"href":"https:\/\/ihogar.com.ar\/litoral\/wp-json\/wp\/v2\/comments?post=23385"}],"wp:featuredmedia":[{"embeddable":true,"href":"https:\/\/ihogar.com.ar\/litoral\/wp-json\/wp\/v2\/media\/23388"}],"wp:attachment":[{"href":"https:\/\/ihogar.com.ar\/litoral\/wp-json\/wp\/v2\/media?parent=23385"}],"wp:term":[{"taxonomy":"product_cat","embeddable":true,"href":"https:\/\/ihogar.com.ar\/litoral\/wp-json\/wp\/v2\/product_cat?post=23385"},{"taxonomy":"product_tag","embeddable":true,"href":"https:\/\/ihogar.com.ar\/litoral\/wp-json\/wp\/v2\/product_tag?post=23385"}],"curies":[{"name":"wp","href":"https:\/\/api.w.org\/{rel}","templated":true}]}}