{"id":23389,"date":"2025-09-21T11:24:33","date_gmt":"2025-09-21T14:24:33","guid":{"rendered":"https:\/\/ihogar.com.ar\/litoral\/?post_type=product&#038;p=23389"},"modified":"2026-02-14T11:52:02","modified_gmt":"2026-02-14T14:52:02","slug":"colchon-2p-esp-140x26-brisas-c-pillow-copy","status":"publish","type":"product","link":"https:\/\/ihogar.com.ar\/litoral\/producto\/colchon-2p-esp-140x26-brisas-c-pillow-copy\/","title":{"rendered":"Colch\u00f3n 2 Plazas Espuma 140&#215;26 Brisas"},"content":{"rendered":"<p data-start=\"166\" data-end=\"442\">El <strong data-start=\"169\" data-end=\"206\">Colch\u00f3n Brisas de Espuma 2 Plazas<\/strong> es sin\u00f3nimo de <strong data-start=\"222\" data-end=\"258\">comodidad, firmeza y durabilidad<\/strong>. Dise\u00f1ado para brindar un descanso reparador todas las noches, combina espuma de alta densidad con una estructura confiable, ideal para quienes buscan confort y soporte equilibrado.<\/p>\n<p data-start=\"444\" data-end=\"589\">Con sus medidas de <strong data-start=\"463\" data-end=\"498\">140 cm de ancho y 22 cm de alto<\/strong>, ofrece el espacio perfecto para parejas o personas que desean mayor amplitud al dormir.<\/p>\n<h4 data-start=\"591\" data-end=\"624\">Caracter\u00edsticas principales:<\/h4>\n<ul data-start=\"625\" data-end=\"914\">\n<li data-start=\"625\" data-end=\"656\">\n<p data-start=\"627\" data-end=\"656\">Tipo: <strong data-start=\"633\" data-end=\"654\">Colch\u00f3n de espuma<\/strong><\/p>\n<\/li>\n<li data-start=\"657\" data-end=\"678\">\n<p data-start=\"659\" data-end=\"678\">L\u00ednea: <strong data-start=\"666\" data-end=\"676\">Brisas<\/strong><\/p>\n<\/li>\n<li data-start=\"679\" data-end=\"702\">\n<p data-start=\"681\" data-end=\"702\">Marca: <strong data-start=\"688\" data-end=\"700\">Maxiking<\/strong><\/p>\n<\/li>\n<li data-start=\"703\" data-end=\"743\">\n<p data-start=\"705\" data-end=\"743\">Medidas: <strong data-start=\"714\" data-end=\"741\">140 cm x 190 cm x 22 cm<\/strong><\/p>\n<\/li>\n<li data-start=\"744\" data-end=\"791\">\n<p data-start=\"746\" data-end=\"791\">Soporte: <strong data-start=\"755\" data-end=\"789\">Hasta 90 kg por persona aprox.<\/strong><\/p>\n<\/li>\n<li data-start=\"792\" data-end=\"822\">\n<p data-start=\"794\" data-end=\"822\">Firmeza: <strong data-start=\"803\" data-end=\"820\">Media \/ Firme<\/strong><\/p>\n<\/li>\n<li data-start=\"823\" data-end=\"865\">\n<p data-start=\"825\" data-end=\"865\">Tela: <strong data-start=\"831\" data-end=\"863\">Jacquard de alta resistencia<\/strong><\/p>\n<\/li>\n<li data-start=\"866\" data-end=\"914\">\n<p data-start=\"868\" data-end=\"914\">Tratamiento: <strong data-start=\"881\" data-end=\"912\">Hipoalerg\u00e9nico y anti\u00e1caros<\/strong><\/p>\n<\/li>\n<\/ul>\n<h4 data-start=\"916\" data-end=\"932\">Beneficios:<\/h4>\n<p data-start=\"933\" data-end=\"1117\">\u2705 Espuma de alta densidad para mayor durabilidad<br data-start=\"981\" data-end=\"984\" \/>\u2705 Excelente soporte y distribuci\u00f3n del peso<br data-start=\"1027\" data-end=\"1030\" \/>\u2705 Tapizado resistente y elegante<br data-start=\"1062\" data-end=\"1065\" \/>\u2705 Ideal para uso diario en dormitorios principale<\/p>\n","protected":false},"excerpt":{"rendered":"<p>El Colch\u00f3n Brisas de Espuma 2 Plazas es sin\u00f3nimo de comodidad, firmeza y durabilidad. Dise\u00f1ado para brindar un descanso reparador todas las noches, combina espuma de alta densidad con una estructura confiable, ideal para quienes buscan confort y soporte equilibrado. Con sus medidas de 140 cm de ancho y 22 cm de alto, ofrece el [&hellip;]<\/p>\n","protected":false},"featured_media":23393,"comment_status":"open","ping_status":"closed","template":"","meta":[],"product_cat":[318,90,92],"product_tag":[],"class_list":["post-23389","product","type-product","status-publish","has-post-thumbnail","hentry","product_cat-colchones140","product_cat-colchones","product_cat-colchon-espuma"],"_links":{"self":[{"href":"https:\/\/ihogar.com.ar\/litoral\/wp-json\/wp\/v2\/product\/23389","targetHints":{"allow":["GET"]}}],"collection":[{"href":"https:\/\/ihogar.com.ar\/litoral\/wp-json\/wp\/v2\/product"}],"about":[{"href":"https:\/\/ihogar.com.ar\/litoral\/wp-json\/wp\/v2\/types\/product"}],"replies":[{"embeddable":true,"href":"https:\/\/ihogar.com.ar\/litoral\/wp-json\/wp\/v2\/comments?post=23389"}],"wp:featuredmedia":[{"embeddable":true,"href":"https:\/\/ihogar.com.ar\/litoral\/wp-json\/wp\/v2\/media\/23393"}],"wp:attachment":[{"href":"https:\/\/ihogar.com.ar\/litoral\/wp-json\/wp\/v2\/media?parent=23389"}],"wp:term":[{"taxonomy":"product_cat","embeddable":true,"href":"https:\/\/ihogar.com.ar\/litoral\/wp-json\/wp\/v2\/product_cat?post=23389"},{"taxonomy":"product_tag","embeddable":true,"href":"https:\/\/ihogar.com.ar\/litoral\/wp-json\/wp\/v2\/product_tag?post=23389"}],"curies":[{"name":"wp","href":"https:\/\/api.w.org\/{rel}","templated":true}]}}