{"id":23471,"date":"2025-09-21T15:33:46","date_gmt":"2025-09-21T18:33:46","guid":{"rendered":"https:\/\/ihogar.com.ar\/litoral\/?post_type=product&#038;p=23471"},"modified":"2026-03-05T20:00:06","modified_gmt":"2026-03-05T23:00:06","slug":"colchon-queen-2-plazas-y-media-2-5-espuma-160x200-90kg-brisas-con-pillow-maxiking","status":"publish","type":"product","link":"https:\/\/ihogar.com.ar\/litoral\/producto\/colchon-queen-2-plazas-y-media-2-5-espuma-160x200-90kg-brisas-con-pillow-maxiking\/","title":{"rendered":"Colchon Queen 2 Plazas y Media (2.5) Espuma 160X200 90KG BRISAS CON PILLOW MAXIKING"},"content":{"rendered":"<p data-start=\"163\" data-end=\"445\">Descans\u00e1 con la m\u00e1xima comodidad y soporte con este colch\u00f3n <strong data-start=\"223\" data-end=\"270\">Queen Size de 2 plazas y media (160&#215;200 cm)<\/strong>.<br data-start=\"271\" data-end=\"274\" \/>Fabricado por <strong data-start=\"288\" data-end=\"300\">Maxiking<\/strong>, l\u00edder en descanso, est\u00e1 dise\u00f1ado con espuma de alta densidad <strong data-start=\"363\" data-end=\"375\">90 kg\/m\u00b3<\/strong>, ideal para brindar firmeza, durabilidad y adaptabilidad al cuerpo.<\/p>\n<p data-start=\"447\" data-end=\"970\">\u2714\ufe0f <strong data-start=\"450\" data-end=\"482\">Espuma de alta densidad 90KG<\/strong> \u2192 mayor resistencia, evita deformaciones y prolonga la vida \u00fatil.<br data-start=\"548\" data-end=\"551\" \/>\u2714\ufe0f <strong data-start=\"554\" data-end=\"580\">Con Pillow extra suave<\/strong> \u2192 aporta una sensaci\u00f3n mullida y confortable desde el primer contacto.<br data-start=\"651\" data-end=\"654\" \/>\u2714\ufe0f <strong data-start=\"657\" data-end=\"699\">Tama\u00f1o Queen (2.5 plazas \/ 160&#215;200 cm)<\/strong> \u2192 espacio extra para un descanso c\u00f3modo en pareja.<br data-start=\"750\" data-end=\"753\" \/>\u2714\ufe0f <strong data-start=\"756\" data-end=\"778\">Soporte ortop\u00e9dico<\/strong> \u2192 mantiene la correcta alineaci\u00f3n de la columna.<br data-start=\"827\" data-end=\"830\" \/>\u2714\ufe0f <strong data-start=\"833\" data-end=\"857\">Tela de alta calidad<\/strong> \u2192 respirable, fresca y resistente.<br data-start=\"892\" data-end=\"895\" \/>\u2714\ufe0f <strong data-start=\"898\" data-end=\"931\">Marca Maxiking \u2013 L\u00ednea Brisas<\/strong> \u2192 garant\u00eda de confort y durabilidad.<\/p>\n<p data-start=\"972\" data-end=\"1141\">\ud83d\udc49 Recomendado para quienes buscan un <strong data-start=\"1010\" data-end=\"1079\">colch\u00f3n amplio, firme y con un plus de suavidad gracias al pillow<\/strong>, perfecto para un descanso profundo y reparador cada noche.<\/p>\n","protected":false},"excerpt":{"rendered":"<p>Descans\u00e1 con la m\u00e1xima comodidad y soporte con este colch\u00f3n Queen Size de 2 plazas y media (160&#215;200 cm).Fabricado por Maxiking, l\u00edder en descanso, est\u00e1 dise\u00f1ado con espuma de alta densidad 90 kg\/m\u00b3, ideal para brindar firmeza, durabilidad y adaptabilidad al cuerpo. \u2714\ufe0f Espuma de alta densidad 90KG \u2192 mayor resistencia, evita deformaciones y prolonga [&hellip;]<\/p>\n","protected":false},"featured_media":23473,"comment_status":"open","ping_status":"closed","template":"","meta":[],"product_cat":[90,92,319,20],"product_tag":[],"class_list":["post-23471","product","type-product","status-publish","has-post-thumbnail","hentry","product_cat-colchones","product_cat-colchon-espuma","product_cat-colchones160","product_cat-sin-categorizar"],"_links":{"self":[{"href":"https:\/\/ihogar.com.ar\/litoral\/wp-json\/wp\/v2\/product\/23471","targetHints":{"allow":["GET"]}}],"collection":[{"href":"https:\/\/ihogar.com.ar\/litoral\/wp-json\/wp\/v2\/product"}],"about":[{"href":"https:\/\/ihogar.com.ar\/litoral\/wp-json\/wp\/v2\/types\/product"}],"replies":[{"embeddable":true,"href":"https:\/\/ihogar.com.ar\/litoral\/wp-json\/wp\/v2\/comments?post=23471"}],"wp:featuredmedia":[{"embeddable":true,"href":"https:\/\/ihogar.com.ar\/litoral\/wp-json\/wp\/v2\/media\/23473"}],"wp:attachment":[{"href":"https:\/\/ihogar.com.ar\/litoral\/wp-json\/wp\/v2\/media?parent=23471"}],"wp:term":[{"taxonomy":"product_cat","embeddable":true,"href":"https:\/\/ihogar.com.ar\/litoral\/wp-json\/wp\/v2\/product_cat?post=23471"},{"taxonomy":"product_tag","embeddable":true,"href":"https:\/\/ihogar.com.ar\/litoral\/wp-json\/wp\/v2\/product_tag?post=23471"}],"curies":[{"name":"wp","href":"https:\/\/api.w.org\/{rel}","templated":true}]}}