{"id":23484,"date":"2025-09-21T15:49:41","date_gmt":"2025-09-21T18:49:41","guid":{"rendered":"https:\/\/ihogar.com.ar\/litoral\/?post_type=product&#038;p=23484"},"modified":"2026-01-29T18:56:33","modified_gmt":"2026-01-29T21:56:33","slug":"sommier-80-armonia","status":"publish","type":"product","link":"https:\/\/ihogar.com.ar\/litoral\/producto\/sommier-80-armonia\/","title":{"rendered":"Sommier 1 Plaza 80&#215;190 Armonia"},"content":{"rendered":"<p data-start=\"196\" data-end=\"454\">El <strong data-start=\"199\" data-end=\"230\">Sommier Armon\u00eda de Maxiking<\/strong> en medida <strong data-start=\"241\" data-end=\"271\">1 plaza (80&#215;190 cm aprox.)<\/strong> es el complemento perfecto para tu colch\u00f3n Armon\u00eda. Dise\u00f1ado para aportar <strong data-start=\"346\" data-end=\"382\">estabilidad, firmeza y elegancia<\/strong>, mejora la vida \u00fatil del colch\u00f3n y realza la est\u00e9tica del dormitorio.<\/p>\n<p data-start=\"456\" data-end=\"854\">\u2714\ufe0f <strong data-start=\"459\" data-end=\"496\">Medida 80&#215;190 cm aprox. (1 plaza)<\/strong> \u2192 ideal para colchones individuales.<br data-start=\"533\" data-end=\"536\" \/>\u2714\ufe0f <strong data-start=\"539\" data-end=\"558\">Altura est\u00e1ndar<\/strong> \u2192 dise\u00f1o robusto y funcional.<br data-start=\"588\" data-end=\"591\" \/>\u2714\ufe0f <strong data-start=\"594\" data-end=\"618\">Estructura reforzada<\/strong> \u2192 brinda estabilidad y prolonga la durabilidad del colch\u00f3n.<br data-start=\"678\" data-end=\"681\" \/>\u2714\ufe0f <strong data-start=\"684\" data-end=\"720\">Tapizado en tela de alta calidad<\/strong> \u2192 elegante, resistente y f\u00e1cil de combinar.<br data-start=\"764\" data-end=\"767\" \/>\u2714\ufe0f <strong data-start=\"770\" data-end=\"804\">Marca Maxiking \u2013 L\u00ednea Armon\u00eda<\/strong> \u2192 sin\u00f3nimo de confianza y respaldo en descanso.<\/p>\n<p data-start=\"856\" data-end=\"948\">\ud83d\udc49 La base ideal para tu colch\u00f3n, aportando <strong data-start=\"900\" data-end=\"929\">soporte, firmeza y estilo<\/strong> a tu dormitorio.<\/p>\n","protected":false},"excerpt":{"rendered":"<p>El Sommier Armon\u00eda de Maxiking en medida 1 plaza (80&#215;190 cm aprox.) es el complemento perfecto para tu colch\u00f3n Armon\u00eda. Dise\u00f1ado para aportar estabilidad, firmeza y elegancia, mejora la vida \u00fatil del colch\u00f3n y realza la est\u00e9tica del dormitorio. \u2714\ufe0f Medida 80&#215;190 cm aprox. (1 plaza) \u2192 ideal para colchones individuales.\u2714\ufe0f Altura est\u00e1ndar \u2192 dise\u00f1o [&hellip;]<\/p>\n","protected":false},"featured_media":23486,"comment_status":"open","ping_status":"closed","template":"","meta":[],"product_cat":[326,93,90],"product_tag":[],"class_list":["post-23484","product","type-product","status-publish","has-post-thumbnail","hentry","product_brand-maxiking","product_cat-sommier80","product_cat-base-sommier","product_cat-colchones"],"_links":{"self":[{"href":"https:\/\/ihogar.com.ar\/litoral\/wp-json\/wp\/v2\/product\/23484","targetHints":{"allow":["GET"]}}],"collection":[{"href":"https:\/\/ihogar.com.ar\/litoral\/wp-json\/wp\/v2\/product"}],"about":[{"href":"https:\/\/ihogar.com.ar\/litoral\/wp-json\/wp\/v2\/types\/product"}],"replies":[{"embeddable":true,"href":"https:\/\/ihogar.com.ar\/litoral\/wp-json\/wp\/v2\/comments?post=23484"}],"wp:featuredmedia":[{"embeddable":true,"href":"https:\/\/ihogar.com.ar\/litoral\/wp-json\/wp\/v2\/media\/23486"}],"wp:attachment":[{"href":"https:\/\/ihogar.com.ar\/litoral\/wp-json\/wp\/v2\/media?parent=23484"}],"wp:term":[{"taxonomy":"product_cat","embeddable":true,"href":"https:\/\/ihogar.com.ar\/litoral\/wp-json\/wp\/v2\/product_cat?post=23484"},{"taxonomy":"product_tag","embeddable":true,"href":"https:\/\/ihogar.com.ar\/litoral\/wp-json\/wp\/v2\/product_tag?post=23484"}],"curies":[{"name":"wp","href":"https:\/\/api.w.org\/{rel}","templated":true}]}}