{"id":23490,"date":"2025-09-21T15:51:51","date_gmt":"2025-09-21T18:51:51","guid":{"rendered":"https:\/\/ihogar.com.ar\/litoral\/?post_type=product&#038;p=23490"},"modified":"2026-03-25T19:13:13","modified_gmt":"2026-03-25T22:13:13","slug":"sommier-140-armonia","status":"publish","type":"product","link":"https:\/\/ihogar.com.ar\/litoral\/producto\/sommier-140-armonia\/","title":{"rendered":"Sommier 2 Plazas 140&#215;190 Armonia"},"content":{"rendered":"<p data-start=\"139\" data-end=\"380\">El <strong data-start=\"142\" data-end=\"173\">Sommier Armon\u00eda de Maxiking<\/strong> en medida <strong data-start=\"184\" data-end=\"216\">2 plazas (140&#215;190 cm aprox.)<\/strong> es la base ideal para acompa\u00f1ar tu colch\u00f3n Armon\u00eda. Aporta <strong data-start=\"276\" data-end=\"317\">firmeza, soporte y un dise\u00f1o elegante<\/strong>, cuidando tu colch\u00f3n y mejorando la est\u00e9tica del dormitorio.<\/p>\n<p data-start=\"382\" data-end=\"802\">\u2714\ufe0f <strong data-start=\"385\" data-end=\"424\">Medida 140&#215;190 cm aprox. (2 plazas)<\/strong> \u2192 pensado para colchones matrimoniales est\u00e1ndar.<br data-start=\"473\" data-end=\"476\" \/>\u2714\ufe0f <strong data-start=\"479\" data-end=\"515\">Altura est\u00e1ndar y dise\u00f1o robusto<\/strong> \u2192 mayor durabilidad y estabilidad.<br data-start=\"550\" data-end=\"553\" \/>\u2714\ufe0f <strong data-start=\"556\" data-end=\"580\">Estructura reforzada<\/strong> \u2192 soporta el uso diario y extiende la vida \u00fatil del colch\u00f3n.<br data-start=\"641\" data-end=\"644\" \/>\u2714\ufe0f <strong data-start=\"647\" data-end=\"683\">Tapizado en tela de alta calidad<\/strong> \u2192 moderna, resistente y f\u00e1cil de mantener.<br data-start=\"726\" data-end=\"729\" \/>\u2714\ufe0f <strong data-start=\"732\" data-end=\"766\">Marca Maxiking \u2013 L\u00ednea Armon\u00eda<\/strong> \u2192 garant\u00eda de respaldo y confort.<\/p>\n<p data-start=\"804\" data-end=\"940\">\ud83d\udc49 La elecci\u00f3n perfecta para quienes buscan un <strong data-start=\"851\" data-end=\"883\">sommier confiable y elegante<\/strong> que potencie el descanso y el estilo de la habitaci\u00f3n.<\/p>\n","protected":false},"excerpt":{"rendered":"<p>El Sommier Armon\u00eda de Maxiking en medida 2 plazas (140&#215;190 cm aprox.) es la base ideal para acompa\u00f1ar tu colch\u00f3n Armon\u00eda. Aporta firmeza, soporte y un dise\u00f1o elegante, cuidando tu colch\u00f3n y mejorando la est\u00e9tica del dormitorio. \u2714\ufe0f Medida 140&#215;190 cm aprox. (2 plazas) \u2192 pensado para colchones matrimoniales est\u00e1ndar.\u2714\ufe0f Altura est\u00e1ndar y dise\u00f1o robusto [&hellip;]<\/p>\n","protected":false},"featured_media":23491,"comment_status":"open","ping_status":"closed","template":"","meta":[],"product_cat":[328,93,90],"product_tag":[],"class_list":["post-23490","product","type-product","status-publish","has-post-thumbnail","hentry","product_cat-sommier140","product_cat-base-sommier","product_cat-colchones"],"_links":{"self":[{"href":"https:\/\/ihogar.com.ar\/litoral\/wp-json\/wp\/v2\/product\/23490","targetHints":{"allow":["GET"]}}],"collection":[{"href":"https:\/\/ihogar.com.ar\/litoral\/wp-json\/wp\/v2\/product"}],"about":[{"href":"https:\/\/ihogar.com.ar\/litoral\/wp-json\/wp\/v2\/types\/product"}],"replies":[{"embeddable":true,"href":"https:\/\/ihogar.com.ar\/litoral\/wp-json\/wp\/v2\/comments?post=23490"}],"wp:featuredmedia":[{"embeddable":true,"href":"https:\/\/ihogar.com.ar\/litoral\/wp-json\/wp\/v2\/media\/23491"}],"wp:attachment":[{"href":"https:\/\/ihogar.com.ar\/litoral\/wp-json\/wp\/v2\/media?parent=23490"}],"wp:term":[{"taxonomy":"product_cat","embeddable":true,"href":"https:\/\/ihogar.com.ar\/litoral\/wp-json\/wp\/v2\/product_cat?post=23490"},{"taxonomy":"product_tag","embeddable":true,"href":"https:\/\/ihogar.com.ar\/litoral\/wp-json\/wp\/v2\/product_tag?post=23490"}],"curies":[{"name":"wp","href":"https:\/\/api.w.org\/{rel}","templated":true}]}}