{"id":23511,"date":"2025-09-21T17:19:55","date_gmt":"2025-09-21T20:19:55","guid":{"rendered":"https:\/\/ihogar.com.ar\/litoral\/?post_type=product&#038;p=23511"},"modified":"2026-03-09T17:23:06","modified_gmt":"2026-03-09T20:23:06","slug":"colchon-2-plazas-espuma-140x22-80kg-armonia","status":"publish","type":"product","link":"https:\/\/ihogar.com.ar\/litoral\/producto\/colchon-2-plazas-espuma-140x22-80kg-armonia\/","title":{"rendered":"Colchon 2 Plazas Espuma 140&#215;22 80Kg Armonia"},"content":{"rendered":"<p data-start=\"189\" data-end=\"484\">El <strong data-start=\"192\" data-end=\"223\">Colch\u00f3n Armon\u00eda de Maxiking<\/strong> en medida <strong data-start=\"234\" data-end=\"266\">2 plazas (140&#215;190 cm aprox.)<\/strong> est\u00e1 dise\u00f1ado para brindar un descanso <strong data-start=\"306\" data-end=\"340\">firme, confortable y saludable<\/strong>. Con sus <strong data-start=\"350\" data-end=\"369\">22 cm de altura<\/strong> y espuma de alta densidad, es ideal para personas de hasta <strong data-start=\"429\" data-end=\"438\">80 kg<\/strong>, ofreciendo soporte adecuado y durabilidad.<\/p>\n<p data-start=\"486\" data-end=\"919\">\u2714\ufe0f <strong data-start=\"489\" data-end=\"528\">Medida 2 plazas (140&#215;190 cm aprox.)<\/strong> \u2192 tama\u00f1o matrimonial est\u00e1ndar.<br data-start=\"559\" data-end=\"562\" \/>\u2714\ufe0f <strong data-start=\"565\" data-end=\"584\">Altura de 22 cm<\/strong> \u2192 estructura firme y confortable.<br data-start=\"618\" data-end=\"621\" \/>\u2714\ufe0f <strong data-start=\"624\" data-end=\"651\">Espuma de alta densidad<\/strong> \u2192 mayor soporte, evita hundimientos y alarga la vida \u00fatil.<br data-start=\"710\" data-end=\"713\" \/>\u2714\ufe0f <strong data-start=\"716\" data-end=\"760\">Recomendado para personas de hasta 80 kg<\/strong>.<br data-start=\"761\" data-end=\"764\" \/>\u2714\ufe0f <strong data-start=\"767\" data-end=\"791\">Tela de alta calidad<\/strong> \u2192 suave al tacto, fresca y resistente.<br data-start=\"830\" data-end=\"833\" \/>\u2714\ufe0f <strong data-start=\"836\" data-end=\"870\">Marca Maxiking \u2013 L\u00ednea Armon\u00eda<\/strong> \u2192 garant\u00eda de confianza y calidad en descanso.<\/p>\n<p data-start=\"921\" data-end=\"1051\">\ud83d\udc49 Una elecci\u00f3n perfecta para quienes buscan un <strong data-start=\"969\" data-end=\"1031\">colch\u00f3n matrimonial firme, duradero y de excelente confort<\/strong> en el uso diario.<\/p>\n","protected":false},"excerpt":{"rendered":"<p>El Colch\u00f3n Armon\u00eda de Maxiking en medida 2 plazas (140&#215;190 cm aprox.) est\u00e1 dise\u00f1ado para brindar un descanso firme, confortable y saludable. Con sus 22 cm de altura y espuma de alta densidad, es ideal para personas de hasta 80 kg, ofreciendo soporte adecuado y durabilidad. \u2714\ufe0f Medida 2 plazas (140&#215;190 cm aprox.) \u2192 tama\u00f1o [&hellip;]<\/p>\n","protected":false},"featured_media":23512,"comment_status":"open","ping_status":"closed","template":"","meta":[],"product_cat":[318,90,92],"product_tag":[],"class_list":["post-23511","product","type-product","status-publish","has-post-thumbnail","hentry","product_brand-maxiking","product_cat-colchones140","product_cat-colchones","product_cat-colchon-espuma"],"_links":{"self":[{"href":"https:\/\/ihogar.com.ar\/litoral\/wp-json\/wp\/v2\/product\/23511","targetHints":{"allow":["GET"]}}],"collection":[{"href":"https:\/\/ihogar.com.ar\/litoral\/wp-json\/wp\/v2\/product"}],"about":[{"href":"https:\/\/ihogar.com.ar\/litoral\/wp-json\/wp\/v2\/types\/product"}],"replies":[{"embeddable":true,"href":"https:\/\/ihogar.com.ar\/litoral\/wp-json\/wp\/v2\/comments?post=23511"}],"wp:featuredmedia":[{"embeddable":true,"href":"https:\/\/ihogar.com.ar\/litoral\/wp-json\/wp\/v2\/media\/23512"}],"wp:attachment":[{"href":"https:\/\/ihogar.com.ar\/litoral\/wp-json\/wp\/v2\/media?parent=23511"}],"wp:term":[{"taxonomy":"product_cat","embeddable":true,"href":"https:\/\/ihogar.com.ar\/litoral\/wp-json\/wp\/v2\/product_cat?post=23511"},{"taxonomy":"product_tag","embeddable":true,"href":"https:\/\/ihogar.com.ar\/litoral\/wp-json\/wp\/v2\/product_tag?post=23511"}],"curies":[{"name":"wp","href":"https:\/\/api.w.org\/{rel}","templated":true}]}}