{"id":23615,"date":"2025-09-23T18:32:59","date_gmt":"2025-09-23T21:32:59","guid":{"rendered":"https:\/\/ihogar.com.ar\/litoral\/?post_type=product&#038;p=23615"},"modified":"2026-01-05T11:06:27","modified_gmt":"2026-01-05T14:06:27","slug":"alacena-140-salerno-toledo","status":"publish","type":"product","link":"https:\/\/ihogar.com.ar\/litoral\/producto\/alacena-140-salerno-toledo\/","title":{"rendered":"ALACENA 140 SALERNO TOLEDO &#8211; RICCHEZZE"},"content":{"rendered":"<p data-start=\"239\" data-end=\"484\">La <strong data-start=\"242\" data-end=\"278\">Alacena Salerno Toledo de 140 cm<\/strong> es la opci\u00f3n ideal para quienes buscan dise\u00f1o moderno y amplio espacio de guardado. Su terminaci\u00f3n en <strong data-start=\"381\" data-end=\"397\">color Toledo<\/strong> aporta un estilo c\u00e1lido y vers\u00e1til que combina perfectamente con diferentes cocinas.<\/p>\n<p data-start=\"486\" data-end=\"816\">\u2714\ufe0f Medidas: 140 cm de ancho \u2013 gran capacidad de almacenamiento.<br data-start=\"549\" data-end=\"552\" \/>\u2714\ufe0f Terminaci\u00f3n en <strong data-start=\"570\" data-end=\"586\">color Toledo<\/strong>, sobria y elegante.<br data-start=\"606\" data-end=\"609\" \/>\u2714\ufe0f Construida con materiales resistentes y de f\u00e1cil limpieza.<br data-start=\"670\" data-end=\"673\" \/>\u2714\ufe0f Varios compartimentos para organizar vajilla, utensilios y alimentos.<br data-start=\"745\" data-end=\"748\" \/>\u2714\ufe0f Puertas con bisagras reforzadas que aseguran mayor durabilidad.<\/p>\n<p data-start=\"818\" data-end=\"945\">Un mueble que suma <strong data-start=\"837\" data-end=\"872\">practicidad, estilo y comodidad<\/strong> a tu cocina. \u00a1Eleg\u00ed la combinaci\u00f3n perfecta de dise\u00f1o y funcionalidad!<\/p>\n","protected":false},"excerpt":{"rendered":"<p>La Alacena Salerno Toledo de 140 cm es la opci\u00f3n ideal para quienes buscan dise\u00f1o moderno y amplio espacio de guardado. Su terminaci\u00f3n en color Toledo aporta un estilo c\u00e1lido y vers\u00e1til que combina perfectamente con diferentes cocinas. \u2714\ufe0f Medidas: 140 cm de ancho \u2013 gran capacidad de almacenamiento.\u2714\ufe0f Terminaci\u00f3n en color Toledo, sobria y [&hellip;]<\/p>\n","protected":false},"featured_media":23616,"comment_status":"open","ping_status":"closed","template":"","meta":[],"product_cat":[344,85,22],"product_tag":[],"class_list":["post-23615","product","type-product","status-publish","has-post-thumbnail","hentry","product_cat-alacenas","product_cat-cocina","product_cat-muebles"],"_links":{"self":[{"href":"https:\/\/ihogar.com.ar\/litoral\/wp-json\/wp\/v2\/product\/23615","targetHints":{"allow":["GET"]}}],"collection":[{"href":"https:\/\/ihogar.com.ar\/litoral\/wp-json\/wp\/v2\/product"}],"about":[{"href":"https:\/\/ihogar.com.ar\/litoral\/wp-json\/wp\/v2\/types\/product"}],"replies":[{"embeddable":true,"href":"https:\/\/ihogar.com.ar\/litoral\/wp-json\/wp\/v2\/comments?post=23615"}],"wp:featuredmedia":[{"embeddable":true,"href":"https:\/\/ihogar.com.ar\/litoral\/wp-json\/wp\/v2\/media\/23616"}],"wp:attachment":[{"href":"https:\/\/ihogar.com.ar\/litoral\/wp-json\/wp\/v2\/media?parent=23615"}],"wp:term":[{"taxonomy":"product_cat","embeddable":true,"href":"https:\/\/ihogar.com.ar\/litoral\/wp-json\/wp\/v2\/product_cat?post=23615"},{"taxonomy":"product_tag","embeddable":true,"href":"https:\/\/ihogar.com.ar\/litoral\/wp-json\/wp\/v2\/product_tag?post=23615"}],"curies":[{"name":"wp","href":"https:\/\/api.w.org\/{rel}","templated":true}]}}