{"id":23641,"date":"2025-09-23T18:57:20","date_gmt":"2025-09-23T21:57:20","guid":{"rendered":"https:\/\/ihogar.com.ar\/litoral\/?post_type=product&#038;p=23641"},"modified":"2026-01-05T11:06:32","modified_gmt":"2026-01-05T14:06:32","slug":"alacena-160-cascina-arcilla-sorento-ricchezze","status":"publish","type":"product","link":"https:\/\/ihogar.com.ar\/litoral\/producto\/alacena-160-cascina-arcilla-sorento-ricchezze\/","title":{"rendered":"ALACENA 160 CASCINA ARCILLA SORENTO &#8211; RICCHEZZE"},"content":{"rendered":"<p data-start=\"179\" data-end=\"487\">La <strong data-start=\"182\" data-end=\"221\">Alacena Richezze Sorrento de 160 cm<\/strong> con <strong data-start=\"226\" data-end=\"264\">2 puertas en color Cascina Arcilla<\/strong> es la opci\u00f3n ideal para quienes buscan <strong data-start=\"304\" data-end=\"334\">m\u00e1ximo espacio de guardado<\/strong> sin perder estilo. Su dise\u00f1o moderno y la terminaci\u00f3n en <strong data-start=\"392\" data-end=\"411\">Cascina Arcilla<\/strong> aportan calidez y elegancia, convirti\u00e9ndola en protagonista de tu cocina.<\/p>\n<p data-start=\"489\" data-end=\"870\">\u2714\ufe0f Medidas: 160 cm de ancho \u2013 gran capacidad para organizar todo.<br data-start=\"554\" data-end=\"557\" \/>\u2714\ufe0f Terminaci\u00f3n en <strong data-start=\"575\" data-end=\"600\">color Cascina Arcilla<\/strong>, c\u00e1lido y sofisticado.<br data-start=\"623\" data-end=\"626\" \/>\u2714\ufe0f Construida con materiales resistentes y de f\u00e1cil limpieza.<br data-start=\"687\" data-end=\"690\" \/>\u2714\ufe0f Puertas con <strong data-start=\"705\" data-end=\"748\">amortiguadores de apertura hacia arriba<\/strong>, que suman comodidad y dise\u00f1o de vanguardia.<br data-start=\"793\" data-end=\"796\" data-is-only-node=\"\" \/>\u2714\ufe0f Amplios compartimentos internos para vajilla, utensilios y alimentos.<\/p>\n<p data-start=\"872\" data-end=\"985\">Un mueble que une <strong data-start=\"890\" data-end=\"923\">practicidad, estilo y calidad<\/strong> para que tu cocina luzca m\u00e1s moderna, ordenada y funcional.<\/p>\n","protected":false},"excerpt":{"rendered":"<p>La Alacena Richezze Sorrento de 160 cm con 2 puertas en color Cascina Arcilla es la opci\u00f3n ideal para quienes buscan m\u00e1ximo espacio de guardado sin perder estilo. Su dise\u00f1o moderno y la terminaci\u00f3n en Cascina Arcilla aportan calidez y elegancia, convirti\u00e9ndola en protagonista de tu cocina. \u2714\ufe0f Medidas: 160 cm de ancho \u2013 gran [&hellip;]<\/p>\n","protected":false},"featured_media":23643,"comment_status":"open","ping_status":"closed","template":"","meta":[],"product_cat":[344,85,22],"product_tag":[],"class_list":["post-23641","product","type-product","status-publish","has-post-thumbnail","hentry","product_cat-alacenas","product_cat-cocina","product_cat-muebles"],"_links":{"self":[{"href":"https:\/\/ihogar.com.ar\/litoral\/wp-json\/wp\/v2\/product\/23641","targetHints":{"allow":["GET"]}}],"collection":[{"href":"https:\/\/ihogar.com.ar\/litoral\/wp-json\/wp\/v2\/product"}],"about":[{"href":"https:\/\/ihogar.com.ar\/litoral\/wp-json\/wp\/v2\/types\/product"}],"replies":[{"embeddable":true,"href":"https:\/\/ihogar.com.ar\/litoral\/wp-json\/wp\/v2\/comments?post=23641"}],"wp:featuredmedia":[{"embeddable":true,"href":"https:\/\/ihogar.com.ar\/litoral\/wp-json\/wp\/v2\/media\/23643"}],"wp:attachment":[{"href":"https:\/\/ihogar.com.ar\/litoral\/wp-json\/wp\/v2\/media?parent=23641"}],"wp:term":[{"taxonomy":"product_cat","embeddable":true,"href":"https:\/\/ihogar.com.ar\/litoral\/wp-json\/wp\/v2\/product_cat?post=23641"},{"taxonomy":"product_tag","embeddable":true,"href":"https:\/\/ihogar.com.ar\/litoral\/wp-json\/wp\/v2\/product_tag?post=23641"}],"curies":[{"name":"wp","href":"https:\/\/api.w.org\/{rel}","templated":true}]}}