{"id":23644,"date":"2025-09-23T19:00:04","date_gmt":"2025-09-23T22:00:04","guid":{"rendered":"https:\/\/ihogar.com.ar\/litoral\/?post_type=product&#038;p=23644"},"modified":"2026-01-05T11:06:32","modified_gmt":"2026-01-05T14:06:32","slug":"alacena-160-cascina-gris-sorrento-ricchezze","status":"publish","type":"product","link":"https:\/\/ihogar.com.ar\/litoral\/producto\/alacena-160-cascina-gris-sorrento-ricchezze\/","title":{"rendered":"ALACENA 160 CASCINA GRIS SORRENTO &#8211; RICCHEZZE"},"content":{"rendered":"<p data-start=\"146\" data-end=\"408\">La <strong data-start=\"149\" data-end=\"188\">Alacena Richezze Sorrento de 160 cm<\/strong> con <strong data-start=\"193\" data-end=\"228\">2 puertas en color Cascina Gris<\/strong> ofrece el equilibrio perfecto entre <strong data-start=\"265\" data-end=\"294\">amplitud y dise\u00f1o moderno<\/strong>. Su terminaci\u00f3n en <strong data-start=\"314\" data-end=\"330\">Cascina Gris<\/strong> aporta un estilo sobrio, elegante y f\u00e1cil de combinar con cualquier cocina.<\/p>\n<p data-start=\"410\" data-end=\"783\">\u2714\ufe0f Medidas: 160 cm de ancho \u2013 m\u00e1xima capacidad de guardado.<br data-start=\"469\" data-end=\"472\" \/>\u2714\ufe0f Terminaci\u00f3n en <strong data-start=\"490\" data-end=\"512\">color Cascina Gris<\/strong>, moderna y vers\u00e1til.<br data-start=\"533\" data-end=\"536\" \/>\u2714\ufe0f Fabricada con materiales resistentes y de f\u00e1cil mantenimiento.<br data-start=\"601\" data-end=\"604\" \/>\u2714\ufe0f Puertas con <strong data-start=\"619\" data-end=\"662\">amortiguadores de apertura hacia arriba<\/strong>, que brindan comodidad y un plus de dise\u00f1o.<br data-start=\"706\" data-end=\"709\" data-is-only-node=\"\" \/>\u2714\ufe0f Amplios compartimentos internos para vajilla, utensilios y alimentos.<\/p>\n<p data-start=\"785\" data-end=\"916\">Una alacena que suma <strong data-start=\"806\" data-end=\"839\">espacio, estilo y practicidad<\/strong>, ideal para transformar tu cocina en un ambiente ordenado y contempor\u00e1neo.<\/p>\n","protected":false},"excerpt":{"rendered":"<p>La Alacena Richezze Sorrento de 160 cm con 2 puertas en color Cascina Gris ofrece el equilibrio perfecto entre amplitud y dise\u00f1o moderno. Su terminaci\u00f3n en Cascina Gris aporta un estilo sobrio, elegante y f\u00e1cil de combinar con cualquier cocina. \u2714\ufe0f Medidas: 160 cm de ancho \u2013 m\u00e1xima capacidad de guardado.\u2714\ufe0f Terminaci\u00f3n en color Cascina [&hellip;]<\/p>\n","protected":false},"featured_media":23640,"comment_status":"open","ping_status":"closed","template":"","meta":[],"product_cat":[344,85,22],"product_tag":[],"class_list":["post-23644","product","type-product","status-publish","has-post-thumbnail","hentry","product_cat-alacenas","product_cat-cocina","product_cat-muebles"],"_links":{"self":[{"href":"https:\/\/ihogar.com.ar\/litoral\/wp-json\/wp\/v2\/product\/23644","targetHints":{"allow":["GET"]}}],"collection":[{"href":"https:\/\/ihogar.com.ar\/litoral\/wp-json\/wp\/v2\/product"}],"about":[{"href":"https:\/\/ihogar.com.ar\/litoral\/wp-json\/wp\/v2\/types\/product"}],"replies":[{"embeddable":true,"href":"https:\/\/ihogar.com.ar\/litoral\/wp-json\/wp\/v2\/comments?post=23644"}],"wp:featuredmedia":[{"embeddable":true,"href":"https:\/\/ihogar.com.ar\/litoral\/wp-json\/wp\/v2\/media\/23640"}],"wp:attachment":[{"href":"https:\/\/ihogar.com.ar\/litoral\/wp-json\/wp\/v2\/media?parent=23644"}],"wp:term":[{"taxonomy":"product_cat","embeddable":true,"href":"https:\/\/ihogar.com.ar\/litoral\/wp-json\/wp\/v2\/product_cat?post=23644"},{"taxonomy":"product_tag","embeddable":true,"href":"https:\/\/ihogar.com.ar\/litoral\/wp-json\/wp\/v2\/product_tag?post=23644"}],"curies":[{"name":"wp","href":"https:\/\/api.w.org\/{rel}","templated":true}]}}