{"id":23652,"date":"2025-09-23T19:17:28","date_gmt":"2025-09-23T22:17:28","guid":{"rendered":"https:\/\/ihogar.com.ar\/litoral\/?post_type=product&#038;p=23652"},"modified":"2026-01-23T11:57:31","modified_gmt":"2026-01-23T14:57:31","slug":"bajo-mesada-140-salerno-toledo-ricchezze","status":"publish","type":"product","link":"https:\/\/ihogar.com.ar\/litoral\/producto\/bajo-mesada-140-salerno-toledo-ricchezze\/","title":{"rendered":"BAJO MESADA 140 SALERNO TOLEDO &#8211; RICCHEZZE"},"content":{"rendered":"<p data-start=\"116\" data-end=\"373\">El <strong data-start=\"119\" data-end=\"177\">Bajo Mesada Richezze Salerno de 140 cm en color Toledo<\/strong> es la opci\u00f3n ideal para quienes buscan <strong data-start=\"217\" data-end=\"247\">amplio espacio de guardado<\/strong> con un dise\u00f1o moderno. Su terminaci\u00f3n en <strong data-start=\"289\" data-end=\"299\">Toledo<\/strong> aporta un estilo c\u00e1lido y elegante, adapt\u00e1ndose a todo tipo de cocinas.<\/p>\n<p data-start=\"375\" data-end=\"723\">\u2714\ufe0f Medidas: 140 cm de ancho \u2013 gran capacidad de almacenamiento.<br data-start=\"438\" data-end=\"441\" \/>\u2714\ufe0f Terminaci\u00f3n en <strong data-start=\"459\" data-end=\"475\">color Toledo<\/strong>, sobria y sofisticada.<br data-start=\"498\" data-end=\"501\" \/>\u2714\ufe0f Fabricado con materiales resistentes y de f\u00e1cil limpieza.<br data-start=\"561\" data-end=\"564\" \/>\u2714\ufe0f Compartimentos amplios y puertas dise\u00f1adas para organizar vajilla, utensilios y alimentos.<br data-start=\"657\" data-end=\"660\" \/>\u2714\ufe0f Dise\u00f1o robusto y funcional, pensado para el uso cotidiano.<\/p>\n<p data-start=\"725\" data-end=\"858\">Un bajo mesada que combina <strong data-start=\"752\" data-end=\"785\">calidad, practicidad y estilo<\/strong>, ideal para mantener tu cocina organizada y con un look contempor\u00e1neo.<\/p>\n","protected":false},"excerpt":{"rendered":"<p>El Bajo Mesada Richezze Salerno de 140 cm en color Toledo es la opci\u00f3n ideal para quienes buscan amplio espacio de guardado con un dise\u00f1o moderno. Su terminaci\u00f3n en Toledo aporta un estilo c\u00e1lido y elegante, adapt\u00e1ndose a todo tipo de cocinas. \u2714\ufe0f Medidas: 140 cm de ancho \u2013 gran capacidad de almacenamiento.\u2714\ufe0f Terminaci\u00f3n en [&hellip;]<\/p>\n","protected":false},"featured_media":23653,"comment_status":"open","ping_status":"closed","template":"","meta":[],"product_cat":[345,85,22],"product_tag":[],"class_list":["post-23652","product","type-product","status-publish","has-post-thumbnail","hentry","product_cat-bajo-mesadas","product_cat-cocina","product_cat-muebles"],"_links":{"self":[{"href":"https:\/\/ihogar.com.ar\/litoral\/wp-json\/wp\/v2\/product\/23652","targetHints":{"allow":["GET"]}}],"collection":[{"href":"https:\/\/ihogar.com.ar\/litoral\/wp-json\/wp\/v2\/product"}],"about":[{"href":"https:\/\/ihogar.com.ar\/litoral\/wp-json\/wp\/v2\/types\/product"}],"replies":[{"embeddable":true,"href":"https:\/\/ihogar.com.ar\/litoral\/wp-json\/wp\/v2\/comments?post=23652"}],"wp:featuredmedia":[{"embeddable":true,"href":"https:\/\/ihogar.com.ar\/litoral\/wp-json\/wp\/v2\/media\/23653"}],"wp:attachment":[{"href":"https:\/\/ihogar.com.ar\/litoral\/wp-json\/wp\/v2\/media?parent=23652"}],"wp:term":[{"taxonomy":"product_cat","embeddable":true,"href":"https:\/\/ihogar.com.ar\/litoral\/wp-json\/wp\/v2\/product_cat?post=23652"},{"taxonomy":"product_tag","embeddable":true,"href":"https:\/\/ihogar.com.ar\/litoral\/wp-json\/wp\/v2\/product_tag?post=23652"}],"curies":[{"name":"wp","href":"https:\/\/api.w.org\/{rel}","templated":true}]}}