{"id":23692,"date":"2025-09-23T19:50:07","date_gmt":"2025-09-23T22:50:07","guid":{"rendered":"https:\/\/ihogar.com.ar\/litoral\/?post_type=product&#038;p=23692"},"modified":"2026-01-05T11:06:16","modified_gmt":"2026-01-05T14:06:16","slug":"comoda-chiffonier-4-cajones-pluspack-moccha-ricchezze","status":"publish","type":"product","link":"https:\/\/ihogar.com.ar\/litoral\/producto\/comoda-chiffonier-4-cajones-pluspack-moccha-ricchezze\/","title":{"rendered":"COMODA CHIFFONIER 4 CAJONES PLUSPACK MOCCHA &#8211; RICCHEZZE"},"content":{"rendered":"<p data-start=\"112\" data-end=\"372\">El <strong data-start=\"115\" data-end=\"166\">Chifonier Pluspack de 4 cajones en color Moccha<\/strong> es la opci\u00f3n ideal para sumar espacio de guardado en tu dormitorio con un dise\u00f1o moderno y funcional. Compacto y vers\u00e1til, se adapta a diferentes estilos de ambientes mientras aporta practicidad y orden.<\/p>\n<p data-start=\"374\" data-end=\"701\">\u2714\ufe0f Compuesto por <strong data-start=\"391\" data-end=\"412\">4 cajones amplios<\/strong> para ropa, accesorios u objetos personales.<br data-start=\"456\" data-end=\"459\" \/>\u2714\ufe0f Terminaci\u00f3n en <strong data-start=\"477\" data-end=\"493\">color Moccha<\/strong>, c\u00e1lido y elegante.<br data-start=\"513\" data-end=\"516\" \/>\u2714\ufe0f Construido con materiales resistentes y de f\u00e1cil limpieza.<br data-start=\"577\" data-end=\"580\" \/>\u2714\ufe0f Dise\u00f1o compacto, ideal para dormitorios de distintos tama\u00f1os.<br data-start=\"644\" data-end=\"647\" data-is-only-node=\"\" \/>\u2714\ufe0f Estructura firme y pensada para el uso cotidiano.<\/p>\n<p data-start=\"703\" data-end=\"840\">Un mueble que combina <strong data-start=\"725\" data-end=\"763\">organizaci\u00f3n, estilo y durabilidad<\/strong>, pensado para mantener tu dormitorio siempre en orden con un look moderno.<\/p>\n","protected":false},"excerpt":{"rendered":"<p>El Chifonier Pluspack de 4 cajones en color Moccha es la opci\u00f3n ideal para sumar espacio de guardado en tu dormitorio con un dise\u00f1o moderno y funcional. Compacto y vers\u00e1til, se adapta a diferentes estilos de ambientes mientras aporta practicidad y orden. \u2714\ufe0f Compuesto por 4 cajones amplios para ropa, accesorios u objetos personales.\u2714\ufe0f Terminaci\u00f3n [&hellip;]<\/p>\n","protected":false},"featured_media":23693,"comment_status":"open","ping_status":"closed","template":"","meta":[],"product_cat":[342,84,22],"product_tag":[],"class_list":["post-23692","product","type-product","status-publish","has-post-thumbnail","hentry","product_cat-cajoneras","product_cat-dormitorio","product_cat-muebles"],"_links":{"self":[{"href":"https:\/\/ihogar.com.ar\/litoral\/wp-json\/wp\/v2\/product\/23692","targetHints":{"allow":["GET"]}}],"collection":[{"href":"https:\/\/ihogar.com.ar\/litoral\/wp-json\/wp\/v2\/product"}],"about":[{"href":"https:\/\/ihogar.com.ar\/litoral\/wp-json\/wp\/v2\/types\/product"}],"replies":[{"embeddable":true,"href":"https:\/\/ihogar.com.ar\/litoral\/wp-json\/wp\/v2\/comments?post=23692"}],"wp:featuredmedia":[{"embeddable":true,"href":"https:\/\/ihogar.com.ar\/litoral\/wp-json\/wp\/v2\/media\/23693"}],"wp:attachment":[{"href":"https:\/\/ihogar.com.ar\/litoral\/wp-json\/wp\/v2\/media?parent=23692"}],"wp:term":[{"taxonomy":"product_cat","embeddable":true,"href":"https:\/\/ihogar.com.ar\/litoral\/wp-json\/wp\/v2\/product_cat?post=23692"},{"taxonomy":"product_tag","embeddable":true,"href":"https:\/\/ihogar.com.ar\/litoral\/wp-json\/wp\/v2\/product_tag?post=23692"}],"curies":[{"name":"wp","href":"https:\/\/api.w.org\/{rel}","templated":true}]}}