{"id":23859,"date":"2025-09-25T21:05:51","date_gmt":"2025-09-26T00:05:51","guid":{"rendered":"https:\/\/ihogar.com.ar\/litoral\/?post_type=product&#038;p=23859"},"modified":"2026-04-29T16:35:39","modified_gmt":"2026-04-29T19:35:39","slug":"sommier-1-plaza-80x190-brisas","status":"publish","type":"product","link":"https:\/\/ihogar.com.ar\/litoral\/producto\/sommier-1-plaza-80x190-brisas\/","title":{"rendered":"Sommier 1 Plaza 80&#215;190 Brisas"},"content":{"rendered":"<ul>\n<li data-start=\"566\" data-end=\"696\">\n<p data-start=\"568\" data-end=\"696\">Medidas totales: <strong data-start=\"585\" data-end=\"637\">80 cm de ancho \u00d7 190 cm de largo \u00d7 34 cm de alto<\/strong> (incluyendo patas)<\/p>\n<\/li>\n<li data-start=\"697\" data-end=\"824\">\n<p data-start=\"699\" data-end=\"824\">Estructura fabricada en madera de eucalipto estacionada (estructura r\u00edgida y estable)<\/p>\n<\/li>\n<li data-start=\"825\" data-end=\"992\">\n<p data-start=\"827\" data-end=\"992\">Tapizado con espuma interna y tela Jackard matelasseada, con superficie antideslizante para asegurar mejor agarre del colch\u00f3n<\/p>\n<\/li>\n<li data-start=\"993\" data-end=\"1114\">\n<p data-start=\"995\" data-end=\"1114\">Sistema continental que aporta firmeza y reduce la transferencia de movimientos<\/p>\n<\/li>\n<li data-start=\"1115\" data-end=\"1249\">\n<p data-start=\"1117\" data-end=\"1249\">Incluye <strong data-start=\"1125\" data-end=\"1156\">6 patas de madera con rosca<\/strong>, regulables para nivelar el sommier y reducir ruidos<\/p>\n<\/li>\n<li data-start=\"1338\" data-end=\"1421\">\n<p data-start=\"1340\" data-end=\"1421\">Garant\u00eda de f\u00e1brica: <strong data-start=\"1361\" data-end=\"1381\">12 meses \/ 1 a\u00f1o<\/strong><\/p>\n<p>Incluye: Base Sommier 80&#215;190 Modelo Brisas. SIN colchon<\/li>\n<\/ul>\n","protected":false},"excerpt":{"rendered":"<p>Medidas totales: 80 cm de ancho \u00d7 190 cm de largo \u00d7 34 cm de alto (incluyendo patas) Estructura fabricada en madera de eucalipto estacionada (estructura r\u00edgida y estable) Tapizado con espuma interna y tela Jackard matelasseada, con superficie antideslizante para asegurar mejor agarre del colch\u00f3n Sistema continental que aporta firmeza y reduce la transferencia [&hellip;]<\/p>\n","protected":false},"featured_media":23860,"comment_status":"open","ping_status":"closed","template":"","meta":[],"product_cat":[326,93,90],"product_tag":[],"class_list":["post-23859","product","type-product","status-publish","has-post-thumbnail","hentry","product_cat-sommier80","product_cat-base-sommier","product_cat-colchones"],"_links":{"self":[{"href":"https:\/\/ihogar.com.ar\/litoral\/wp-json\/wp\/v2\/product\/23859","targetHints":{"allow":["GET"]}}],"collection":[{"href":"https:\/\/ihogar.com.ar\/litoral\/wp-json\/wp\/v2\/product"}],"about":[{"href":"https:\/\/ihogar.com.ar\/litoral\/wp-json\/wp\/v2\/types\/product"}],"replies":[{"embeddable":true,"href":"https:\/\/ihogar.com.ar\/litoral\/wp-json\/wp\/v2\/comments?post=23859"}],"wp:featuredmedia":[{"embeddable":true,"href":"https:\/\/ihogar.com.ar\/litoral\/wp-json\/wp\/v2\/media\/23860"}],"wp:attachment":[{"href":"https:\/\/ihogar.com.ar\/litoral\/wp-json\/wp\/v2\/media?parent=23859"}],"wp:term":[{"taxonomy":"product_cat","embeddable":true,"href":"https:\/\/ihogar.com.ar\/litoral\/wp-json\/wp\/v2\/product_cat?post=23859"},{"taxonomy":"product_tag","embeddable":true,"href":"https:\/\/ihogar.com.ar\/litoral\/wp-json\/wp\/v2\/product_tag?post=23859"}],"curies":[{"name":"wp","href":"https:\/\/api.w.org\/{rel}","templated":true}]}}